{"id":6569,"date":"2021-12-23T13:27:28","date_gmt":"2021-12-23T18:27:28","guid":{"rendered":"https:\/\/www.viadrain.ca\/camera-inspection-of-drains-in-montreal"},"modified":"2022-01-08T12:30:48","modified_gmt":"2022-01-08T17:30:48","slug":"camera-inspection-of-drains-in-montreal","status":"publish","type":"page","link":"https:\/\/www.viadrain.ca\/en\/camera-inspection-of-drains-in-montreal","title":{"rendered":"Camera inspection of drains in Montreal"},"content":{"rendered":"[vc_row type=&#8221;in_container&#8221; full_screen_row_position=&#8221;middle&#8221; column_margin=&#8221;default&#8221; column_direction=&#8221;default&#8221; column_direction_tablet=&#8221;default&#8221; column_direction_phone=&#8221;default&#8221; scene_position=&#8221;center&#8221; top_padding=&#8221;3%&#8221; text_color=&#8221;dark&#8221; text_align=&#8221;left&#8221; row_border_radius=&#8221;none&#8221; row_border_radius_applies=&#8221;bg&#8221; overlay_strength=&#8221;0.3&#8243; gradient_direction=&#8221;left_to_right&#8221; shape_divider_position=&#8221;bottom&#8221; bg_image_animation=&#8221;none&#8221; shape_type=&#8221;&#8221;][vc_column column_padding=&#8221;no-extra-padding&#8221; column_padding_tablet=&#8221;inherit&#8221; column_padding_phone=&#8221;inherit&#8221; column_padding_position=&#8221;all&#8221; background_color_opacity=&#8221;1&#8243; background_hover_color_opacity=&#8221;1&#8243; column_shadow=&#8221;none&#8221; column_border_radius=&#8221;none&#8221; column_link_target=&#8221;_self&#8221; gradient_direction=&#8221;left_to_right&#8221; overlay_strength=&#8221;0.3&#8243; width=&#8221;1\/1&#8243; tablet_width_inherit=&#8221;default&#8221; tablet_text_alignment=&#8221;default&#8221; phone_text_alignment=&#8221;default&#8221; column_border_width=&#8221;none&#8221; column_border_style=&#8221;solid&#8221; bg_image_animation=&#8221;none&#8221;][vc_custom_heading text=&#8221;State-of-the-art equipment to solve any drain problem&#8221; font_container=&#8221;tag:h3|text_align:left&#8221; use_theme_fonts=&#8221;yes&#8221;][vc_column_text]Drainage problems in your Montreal area home or business can be a temporary inconvenience or a detriment to the health and safety of your family. A faulty drain system can be quite overwhelming. In fact, drain problems can make your property completely uninhabitable, resulting in a loss of valuable time and money. Fortunately, ViaDrain Services of Montreal has highly trained and professional crews to handle your problem.<\/p>\n<p><strong>We can perform a diagnostic evaluation with our Montreal sewer video inspection technology to find the root of the problem.<\/strong>[\/vc_column_text][\/vc_column][\/vc_row][vc_row type=&#8221;in_container&#8221; full_screen_row_position=&#8221;middle&#8221; column_margin=&#8221;default&#8221; column_direction=&#8221;default&#8221; column_direction_tablet=&#8221;default&#8221; column_direction_phone=&#8221;default&#8221; scene_position=&#8221;center&#8221; text_color=&#8221;dark&#8221; text_align=&#8221;left&#8221; row_border_radius=&#8221;none&#8221; row_border_radius_applies=&#8221;bg&#8221; overlay_strength=&#8221;0.3&#8243; gradient_direction=&#8221;left_to_right&#8221; shape_divider_position=&#8221;bottom&#8221; bg_image_animation=&#8221;none&#8221;][vc_column column_padding=&#8221;no-extra-padding&#8221; column_padding_tablet=&#8221;inherit&#8221; column_padding_phone=&#8221;inherit&#8221; column_padding_position=&#8221;all&#8221; background_color_opacity=&#8221;1&#8243; background_hover_color_opacity=&#8221;1&#8243; column_shadow=&#8221;none&#8221; column_border_radius=&#8221;none&#8221; column_link_target=&#8221;_self&#8221; gradient_direction=&#8221;left_to_right&#8221; overlay_strength=&#8221;0.3&#8243; width=&#8221;2\/3&#8243; tablet_width_inherit=&#8221;default&#8221; tablet_text_alignment=&#8221;default&#8221; phone_text_alignment=&#8221;default&#8221; column_border_width=&#8221;none&#8221; column_border_style=&#8221;solid&#8221; bg_image_animation=&#8221;none&#8221;][vc_custom_heading text=&#8221;What is a camera inspection of your drains?&#8221; font_container=&#8221;tag:h3|text_align:left&#8221; use_theme_fonts=&#8221;yes&#8221;][vc_column_text]During this process, a specialized camera is lowered into either your main sewer line or your branches. These pipes run from your bathtub and faucets to the main sewer line in your home. Our inspection camera allows you to visually inspect the health of your pipes and identify any problem and its source.[\/vc_column_text][\/vc_column][vc_column column_padding=&#8221;no-extra-padding&#8221; column_padding_tablet=&#8221;inherit&#8221; column_padding_phone=&#8221;inherit&#8221; column_padding_position=&#8221;all&#8221; background_color_opacity=&#8221;1&#8243; background_hover_color_opacity=&#8221;1&#8243; column_shadow=&#8221;none&#8221; column_border_radius=&#8221;none&#8221; column_link_target=&#8221;_self&#8221; gradient_direction=&#8221;left_to_right&#8221; overlay_strength=&#8221;0.3&#8243; width=&#8221;1\/3&#8243; tablet_width_inherit=&#8221;default&#8221; tablet_text_alignment=&#8221;default&#8221; phone_text_alignment=&#8221;default&#8221; column_border_width=&#8221;none&#8221; column_border_style=&#8221;solid&#8221; bg_image_animation=&#8221;none&#8221;][image_with_animation image_url=&#8221;6239&#8243; animation=&#8221;Fade In&#8221; hover_animation=&#8221;none&#8221; alignment=&#8221;&#8221; border_radius=&#8221;none&#8221; box_shadow=&#8221;none&#8221; image_loading=&#8221;default&#8221; max_width=&#8221;100%&#8221; max_width_mobile=&#8221;default&#8221;][\/vc_column][\/vc_row][vc_row type=&#8221;in_container&#8221; full_screen_row_position=&#8221;middle&#8221; column_margin=&#8221;default&#8221; column_direction=&#8221;default&#8221; column_direction_tablet=&#8221;default&#8221; column_direction_phone=&#8221;default&#8221; scene_position=&#8221;center&#8221; text_color=&#8221;dark&#8221; text_align=&#8221;left&#8221; row_border_radius=&#8221;none&#8221; row_border_radius_applies=&#8221;bg&#8221; overlay_strength=&#8221;0.3&#8243; gradient_direction=&#8221;left_to_right&#8221; shape_divider_position=&#8221;bottom&#8221; bg_image_animation=&#8221;none&#8221;][vc_column column_padding=&#8221;no-extra-padding&#8221; column_padding_tablet=&#8221;inherit&#8221; column_padding_phone=&#8221;inherit&#8221; column_padding_position=&#8221;all&#8221; background_color_opacity=&#8221;1&#8243; background_hover_color_opacity=&#8221;1&#8243; column_shadow=&#8221;none&#8221; column_border_radius=&#8221;none&#8221; column_link_target=&#8221;_self&#8221; gradient_direction=&#8221;left_to_right&#8221; overlay_strength=&#8221;0.3&#8243; width=&#8221;1\/1&#8243; tablet_width_inherit=&#8221;default&#8221; tablet_text_alignment=&#8221;default&#8221; phone_text_alignment=&#8221;default&#8221; column_border_width=&#8221;none&#8221; column_border_style=&#8221;solid&#8221; bg_image_animation=&#8221;none&#8221;][vc_custom_heading text=&#8221;What can you see during a camera inspection of your drains?&#8221; font_container=&#8221;tag:h3|text_align:left&#8221; use_theme_fonts=&#8221;yes&#8221;][vc_column_text]A camera inspection of your drains will show you everything in your pipes from about 130 feet away. This depth is sufficient to show you the area of your branches to the municipal sewer line. Although the video may be a little blurry, it is still clear enough to show you what the inside of the piping looks like so you can visually identify blockages and broken or damaged sections of your pipes.[\/vc_column_text][\/vc_column][\/vc_row][vc_row type=&#8221;in_container&#8221; full_screen_row_position=&#8221;middle&#8221; column_margin=&#8221;default&#8221; column_direction=&#8221;default&#8221; column_direction_tablet=&#8221;default&#8221; column_direction_phone=&#8221;default&#8221; scene_position=&#8221;center&#8221; bottom_padding=&#8221;3%&#8221; text_color=&#8221;dark&#8221; text_align=&#8221;left&#8221; row_border_radius=&#8221;none&#8221; row_border_radius_applies=&#8221;bg&#8221; overlay_strength=&#8221;0.3&#8243; gradient_direction=&#8221;left_to_right&#8221; shape_divider_position=&#8221;bottom&#8221; bg_image_animation=&#8221;none&#8221; shape_type=&#8221;&#8221;][vc_column column_padding=&#8221;no-extra-padding&#8221; column_padding_tablet=&#8221;inherit&#8221; column_padding_phone=&#8221;inherit&#8221; column_padding_position=&#8221;all&#8221; background_color_opacity=&#8221;1&#8243; background_hover_color_opacity=&#8221;1&#8243; column_shadow=&#8221;none&#8221; column_border_radius=&#8221;none&#8221; column_link_target=&#8221;_self&#8221; gradient_direction=&#8221;left_to_right&#8221; overlay_strength=&#8221;0.3&#8243; width=&#8221;1\/1&#8243; tablet_width_inherit=&#8221;default&#8221; tablet_text_alignment=&#8221;default&#8221; phone_text_alignment=&#8221;default&#8221; column_border_width=&#8221;none&#8221; column_border_style=&#8221;solid&#8221; bg_image_animation=&#8221;none&#8221;][vc_custom_heading text=&#8221;Can a homeowner perform a video inspection themselves?&#8221; font_container=&#8221;tag:h3|text_align:left&#8221; use_theme_fonts=&#8221;yes&#8221;][vc_column_text]While you can perform a video inspection of your sewer line, it is not recommended as the tools you can access (unless they are commercial grade) will not be sufficient. This task is best suited for professionals who can help you save money and hassle. Moreover, they have the experience and sophisticated equipment needed to do the job right.<\/p>\n<p><strong>If you would like more information or are ready to hire our drain cleaning company to perform a professional inspection of your property, contact us today at (514) 913-7246 to find out how we can help you. Our friendly staff will be happy to answer any additional questions you may have.<\/strong>[\/vc_column_text][\/vc_column][\/vc_row][vc_row type=&#8221;full_width_background&#8221; full_screen_row_position=&#8221;middle&#8221; column_margin=&#8221;default&#8221; equal_height=&#8221;yes&#8221; content_placement=&#8221;middle&#8221; column_direction=&#8221;default&#8221; column_direction_tablet=&#8221;default&#8221; column_direction_phone=&#8221;default&#8221; bg_color=&#8221;#000000&#8243; scene_position=&#8221;center&#8221; top_padding=&#8221;6%&#8221; bottom_padding=&#8221;3%&#8221; text_color=&#8221;light&#8221; text_align=&#8221;left&#8221; row_border_radius=&#8221;none&#8221; row_border_radius_applies=&#8221;bg&#8221; overlay_strength=&#8221;0.95&#8243; gradient_direction=&#8221;left_to_right&#8221; enable_shape_divider=&#8221;true&#8221; shape_divider_position=&#8221;top&#8221; bg_image_animation=&#8221;none&#8221; shape_type=&#8221;curve_asym&#8221;][vc_column column_padding=&#8221;no-extra-padding&#8221; column_padding_tablet=&#8221;inherit&#8221; column_padding_phone=&#8221;inherit&#8221; column_padding_position=&#8221;all&#8221; background_color_opacity=&#8221;1&#8243; background_hover_color_opacity=&#8221;1&#8243; column_shadow=&#8221;none&#8221; column_border_radius=&#8221;none&#8221; column_link_target=&#8221;_self&#8221; gradient_direction=&#8221;left_to_right&#8221; overlay_strength=&#8221;0.3&#8243; width=&#8221;2\/3&#8243; tablet_width_inherit=&#8221;default&#8221; tablet_text_alignment=&#8221;center&#8221; phone_text_alignment=&#8221;center&#8221; column_border_width=&#8221;none&#8221; column_border_style=&#8221;solid&#8221; bg_image_animation=&#8221;none&#8221;][vc_column_text]For more information, call <strong>(514<a href=\"tel:5149137246\">) <\/a>913<a href=\"tel:5149137246\">&#8211;<\/a>7246<\/strong>. You can also contact us online today for a free estimate.[\/vc_column_text][\/vc_column][vc_column column_padding=&#8221;no-extra-padding&#8221; column_padding_tablet=&#8221;inherit&#8221; column_padding_phone=&#8221;inherit&#8221; column_padding_position=&#8221;all&#8221; background_color_opacity=&#8221;1&#8243; background_hover_color_opacity=&#8221;1&#8243; column_shadow=&#8221;none&#8221; column_border_radius=&#8221;none&#8221; column_link_target=&#8221;_self&#8221; gradient_direction=&#8221;left_to_right&#8221; overlay_strength=&#8221;0.3&#8243; width=&#8221;1\/3&#8243; tablet_width_inherit=&#8221;default&#8221; tablet_text_alignment=&#8221;center&#8221; phone_text_alignment=&#8221;center&#8221; column_border_width=&#8221;none&#8221; column_border_style=&#8221;solid&#8221; bg_image_animation=&#8221;none&#8221;][vc_row_inner column_margin=&#8221;default&#8221; column_direction=&#8221;default&#8221; column_direction_tablet=&#8221;default&#8221; column_direction_phone=&#8221;default&#8221; text_align=&#8221;right&#8221;][vc_column_inner column_padding=&#8221;no-extra-padding&#8221; column_padding_tablet=&#8221;inherit&#8221; column_padding_phone=&#8221;inherit&#8221; column_padding_position=&#8221;all&#8221; background_color_opacity=&#8221;1&#8243; background_hover_color_opacity=&#8221;1&#8243; column_shadow=&#8221;none&#8221; column_border_radius=&#8221;none&#8221; column_link_target=&#8221;_self&#8221; gradient_direction=&#8221;left_to_right&#8221; overlay_strength=&#8221;0.3&#8243; width=&#8221;1\/1&#8243; tablet_width_inherit=&#8221;default&#8221; column_border_width=&#8221;none&#8221; column_border_style=&#8221;solid&#8221; bg_image_animation=&#8221;none&#8221;][nectar_cta btn_style=&#8221;arrow-animation&#8221; heading_tag=&#8221;h4&#8243; text_color=&#8221;#ffffff&#8221; button_color=&#8221;accent-color&#8221; link_type=&#8221;regular&#8221; alignment=&#8221;left&#8221; display=&#8221;inline&#8221; link_text=&#8221;Request a quote&#8221; url=&#8221;https:\/\/www.viadrain.ca\/en\/request-a-quote&#8221; padding_top=&#8221;20&#8243; padding_right=&#8221;20&#8243; padding_bottom=&#8221;20&#8243; padding_left=&#8221;20&#8243;][\/vc_column_inner][\/vc_row_inner][\/vc_column][\/vc_row][vc_row type=&#8221;full_width_content&#8221; full_screen_row_position=&#8221;middle&#8221; column_margin=&#8221;default&#8221; column_direction=&#8221;default&#8221; column_direction_tablet=&#8221;default&#8221; column_direction_phone=&#8221;default&#8221; bg_color=&#8221;#000000&#8243; scene_position=&#8221;center&#8221; text_color=&#8221;light&#8221; text_align=&#8221;left&#8221; row_border_radius=&#8221;none&#8221; row_border_radius_applies=&#8221;bg&#8221; overlay_strength=&#8221;0.3&#8243; gradient_direction=&#8221;left_to_right&#8221; shape_divider_position=&#8221;bottom&#8221; bg_image_animation=&#8221;none&#8221; shape_type=&#8221;&#8221;][vc_column column_padding=&#8221;no-extra-padding&#8221; column_padding_tablet=&#8221;inherit&#8221; column_padding_phone=&#8221;inherit&#8221; column_padding_position=&#8221;all&#8221; background_color_opacity=&#8221;1&#8243; background_hover_color_opacity=&#8221;1&#8243; column_shadow=&#8221;none&#8221; column_border_radius=&#8221;none&#8221; column_link_target=&#8221;_self&#8221; gradient_direction=&#8221;left_to_right&#8221; overlay_strength=&#8221;0.3&#8243; width=&#8221;1\/1&#8243; tablet_width_inherit=&#8221;default&#8221; tablet_text_alignment=&#8221;default&#8221; phone_text_alignment=&#8221;default&#8221; column_border_width=&#8221;none&#8221; column_border_style=&#8221;solid&#8221; bg_image_animation=&#8221;none&#8221;][divider line_type=&#8221;Full Width Line&#8221; line_thickness=&#8221;1&#8243; divider_color=&#8221;default&#8221; custom_height=&#8221;2&#8243;][\/vc_column][\/vc_row]\n","protected":false},"excerpt":{"rendered":"<p>[vc_row type=&#8221;in_container&#8221; full_screen_row_position=&#8221;middle&#8221; column_margin=&#8221;default&#8221; column_direction=&#8221;default&#8221; column_direction_tablet=&#8221;default&#8221; column_direction_phone=&#8221;default&#8221; scene_position=&#8221;center&#8221; top_padding=&#8221;3%&#8221; text_color=&#8221;dark&#8221; text_align=&#8221;left&#8221; row_border_radius=&#8221;none&#8221; row_border_radius_applies=&#8221;bg&#8221; overlay_strength=&#8221;0.3&#8243; gradient_direction=&#8221;left_to_right&#8221; shape_divider_position=&#8221;bottom&#8221; bg_image_animation=&#8221;none&#8221; shape_type=&#8221;&#8221;][vc_column column_padding=&#8221;no-extra-padding&#8221; column_padding_tablet=&#8221;inherit&#8221; column_padding_phone=&#8221;inherit&#8221; column_padding_position=&#8221;all&#8221; background_color_opacity=&#8221;1&#8243; background_hover_color_opacity=&#8221;1&#8243; column_shadow=&#8221;none&#8221; column_border_radius=&#8221;none&#8221; column_link_target=&#8221;_self&#8221; gradient_direction=&#8221;left_to_right&#8221; overlay_strength=&#8221;0.3&#8243; width=&#8221;1\/1&#8243;&#8230;<\/p>\n","protected":false},"author":1,"featured_media":6522,"parent":0,"menu_order":9,"comment_status":"closed","ping_status":"closed","template":"","meta":{"content-type":"","footnotes":""},"class_list":["post-6569","page","type-page","status-publish","has-post-thumbnail"],"yoast_head":"<!-- This site is optimized with the Yoast SEO plugin v26.7 - https:\/\/yoast.com\/wordpress\/plugins\/seo\/ -->\n<title>Camera inspection of drains in Montreal - Services ViaDrain<\/title>\n<meta name=\"description\" content=\"Drainage problems in your Montreal area home or business can be detrimental to your family&#039;s health.\" \/>\n<meta name=\"robots\" content=\"index, follow, max-snippet:-1, max-image-preview:large, max-video-preview:-1\" \/>\n<link rel=\"canonical\" href=\"https:\/\/www.viadrain.ca\/en\/camera-inspection-of-drains-in-montreal\" \/>\n<meta property=\"og:locale\" content=\"en_US\" \/>\n<meta property=\"og:type\" content=\"article\" \/>\n<meta property=\"og:title\" content=\"Camera inspection of drains in Montreal - Services ViaDrain\" \/>\n<meta property=\"og:description\" content=\"Drainage problems in your Montreal area home or business can be detrimental to your family&#039;s health.\" \/>\n<meta property=\"og:url\" content=\"https:\/\/www.viadrain.ca\/en\/camera-inspection-of-drains-in-montreal\" \/>\n<meta property=\"og:site_name\" content=\"Services ViaDrain\" \/>\n<meta property=\"article:modified_time\" content=\"2022-01-08T17:30:48+00:00\" \/>\n<meta property=\"og:image\" content=\"https:\/\/www.viadrain.ca\/wp-content\/uploads\/2021\/10\/inspection-de-drains-par-camera_1200x630.jpg\" \/>\n\t<meta property=\"og:image:width\" content=\"1200\" \/>\n\t<meta property=\"og:image:height\" content=\"630\" \/>\n\t<meta property=\"og:image:type\" content=\"image\/jpeg\" \/>\n<meta name=\"twitter:card\" content=\"summary_large_image\" \/>\n<meta name=\"twitter:label1\" content=\"Est. reading time\" \/>\n\t<meta name=\"twitter:data1\" content=\"4 minutes\" \/>\n<script type=\"application\/ld+json\" class=\"yoast-schema-graph\">{\"@context\":\"https:\/\/schema.org\",\"@graph\":[{\"@type\":\"WebPage\",\"@id\":\"https:\/\/www.viadrain.ca\/en\/camera-inspection-of-drains-in-montreal\",\"url\":\"https:\/\/www.viadrain.ca\/en\/camera-inspection-of-drains-in-montreal\",\"name\":\"Camera inspection of drains in Montreal - Services ViaDrain\",\"isPartOf\":{\"@id\":\"https:\/\/www.viadrain.ca\/en#website\"},\"primaryImageOfPage\":{\"@id\":\"https:\/\/www.viadrain.ca\/en\/camera-inspection-of-drains-in-montreal#primaryimage\"},\"image\":{\"@id\":\"https:\/\/www.viadrain.ca\/en\/camera-inspection-of-drains-in-montreal#primaryimage\"},\"thumbnailUrl\":\"https:\/\/www.viadrain.ca\/wp-content\/uploads\/2021\/10\/inspection-de-drains-par-camera_1200x630.jpg\",\"datePublished\":\"2021-12-23T18:27:28+00:00\",\"dateModified\":\"2022-01-08T17:30:48+00:00\",\"description\":\"Drainage problems in your Montreal area home or business can be detrimental to your family's health.\",\"breadcrumb\":{\"@id\":\"https:\/\/www.viadrain.ca\/en\/camera-inspection-of-drains-in-montreal#breadcrumb\"},\"inLanguage\":\"en-US\",\"potentialAction\":[{\"@type\":\"ReadAction\",\"target\":[\"https:\/\/www.viadrain.ca\/en\/camera-inspection-of-drains-in-montreal\"]}]},{\"@type\":\"ImageObject\",\"inLanguage\":\"en-US\",\"@id\":\"https:\/\/www.viadrain.ca\/en\/camera-inspection-of-drains-in-montreal#primaryimage\",\"url\":\"https:\/\/www.viadrain.ca\/wp-content\/uploads\/2021\/10\/inspection-de-drains-par-camera_1200x630.jpg\",\"contentUrl\":\"https:\/\/www.viadrain.ca\/wp-content\/uploads\/2021\/10\/inspection-de-drains-par-camera_1200x630.jpg\",\"width\":1200,\"height\":630,\"caption\":\"Drain inspection by camera\"},{\"@type\":\"BreadcrumbList\",\"@id\":\"https:\/\/www.viadrain.ca\/en\/camera-inspection-of-drains-in-montreal#breadcrumb\",\"itemListElement\":[{\"@type\":\"ListItem\",\"position\":1,\"name\":\"Accueil\",\"item\":\"https:\/\/www.viadrain.ca\/en\"},{\"@type\":\"ListItem\",\"position\":2,\"name\":\"Camera inspection of drains in Montreal\"}]},{\"@type\":\"WebSite\",\"@id\":\"https:\/\/www.viadrain.ca\/en#website\",\"url\":\"https:\/\/www.viadrain.ca\/en\",\"name\":\"Services ViaDrain\",\"description\":\"Experts en d\u00e9bouchage et nettoyage de drains \u00e0 Montr\u00e9al\",\"publisher\":{\"@id\":\"https:\/\/www.viadrain.ca\/en#organization\"},\"potentialAction\":[{\"@type\":\"SearchAction\",\"target\":{\"@type\":\"EntryPoint\",\"urlTemplate\":\"https:\/\/www.viadrain.ca\/en?s={search_term_string}\"},\"query-input\":{\"@type\":\"PropertyValueSpecification\",\"valueRequired\":true,\"valueName\":\"search_term_string\"}}],\"inLanguage\":\"en-US\"},{\"@type\":\"Organization\",\"@id\":\"https:\/\/www.viadrain.ca\/en#organization\",\"name\":\"SERVICES VIADRAIN INC.\",\"url\":\"https:\/\/www.viadrain.ca\/en\",\"logo\":{\"@type\":\"ImageObject\",\"inLanguage\":\"en-US\",\"@id\":\"https:\/\/www.viadrain.ca\/en#\/schema\/logo\/image\/\",\"url\":\"https:\/\/www.viadrain.ca\/wp-content\/uploads\/2022\/01\/Logo_viaDrain_320x132.gif\",\"contentUrl\":\"https:\/\/www.viadrain.ca\/wp-content\/uploads\/2022\/01\/Logo_viaDrain_320x132.gif\",\"width\":320,\"height\":132,\"caption\":\"SERVICES VIADRAIN INC.\"},\"image\":{\"@id\":\"https:\/\/www.viadrain.ca\/en#\/schema\/logo\/image\/\"}}]}<\/script>\n<!-- \/ Yoast SEO plugin. -->","yoast_head_json":{"title":"Camera inspection of drains in Montreal - Services ViaDrain","description":"Drainage problems in your Montreal area home or business can be detrimental to your family's health.","robots":{"index":"index","follow":"follow","max-snippet":"max-snippet:-1","max-image-preview":"max-image-preview:large","max-video-preview":"max-video-preview:-1"},"canonical":"https:\/\/www.viadrain.ca\/en\/camera-inspection-of-drains-in-montreal","og_locale":"en_US","og_type":"article","og_title":"Camera inspection of drains in Montreal - Services ViaDrain","og_description":"Drainage problems in your Montreal area home or business can be detrimental to your family's health.","og_url":"https:\/\/www.viadrain.ca\/en\/camera-inspection-of-drains-in-montreal","og_site_name":"Services ViaDrain","article_modified_time":"2022-01-08T17:30:48+00:00","og_image":[{"width":1200,"height":630,"url":"https:\/\/www.viadrain.ca\/wp-content\/uploads\/2021\/10\/inspection-de-drains-par-camera_1200x630.jpg","type":"image\/jpeg"}],"twitter_card":"summary_large_image","twitter_misc":{"Est. reading time":"4 minutes"},"schema":{"@context":"https:\/\/schema.org","@graph":[{"@type":"WebPage","@id":"https:\/\/www.viadrain.ca\/en\/camera-inspection-of-drains-in-montreal","url":"https:\/\/www.viadrain.ca\/en\/camera-inspection-of-drains-in-montreal","name":"Camera inspection of drains in Montreal - Services ViaDrain","isPartOf":{"@id":"https:\/\/www.viadrain.ca\/en#website"},"primaryImageOfPage":{"@id":"https:\/\/www.viadrain.ca\/en\/camera-inspection-of-drains-in-montreal#primaryimage"},"image":{"@id":"https:\/\/www.viadrain.ca\/en\/camera-inspection-of-drains-in-montreal#primaryimage"},"thumbnailUrl":"https:\/\/www.viadrain.ca\/wp-content\/uploads\/2021\/10\/inspection-de-drains-par-camera_1200x630.jpg","datePublished":"2021-12-23T18:27:28+00:00","dateModified":"2022-01-08T17:30:48+00:00","description":"Drainage problems in your Montreal area home or business can be detrimental to your family's health.","breadcrumb":{"@id":"https:\/\/www.viadrain.ca\/en\/camera-inspection-of-drains-in-montreal#breadcrumb"},"inLanguage":"en-US","potentialAction":[{"@type":"ReadAction","target":["https:\/\/www.viadrain.ca\/en\/camera-inspection-of-drains-in-montreal"]}]},{"@type":"ImageObject","inLanguage":"en-US","@id":"https:\/\/www.viadrain.ca\/en\/camera-inspection-of-drains-in-montreal#primaryimage","url":"https:\/\/www.viadrain.ca\/wp-content\/uploads\/2021\/10\/inspection-de-drains-par-camera_1200x630.jpg","contentUrl":"https:\/\/www.viadrain.ca\/wp-content\/uploads\/2021\/10\/inspection-de-drains-par-camera_1200x630.jpg","width":1200,"height":630,"caption":"Drain inspection by camera"},{"@type":"BreadcrumbList","@id":"https:\/\/www.viadrain.ca\/en\/camera-inspection-of-drains-in-montreal#breadcrumb","itemListElement":[{"@type":"ListItem","position":1,"name":"Accueil","item":"https:\/\/www.viadrain.ca\/en"},{"@type":"ListItem","position":2,"name":"Camera inspection of drains in Montreal"}]},{"@type":"WebSite","@id":"https:\/\/www.viadrain.ca\/en#website","url":"https:\/\/www.viadrain.ca\/en","name":"Services ViaDrain","description":"Experts en d\u00e9bouchage et nettoyage de drains \u00e0 Montr\u00e9al","publisher":{"@id":"https:\/\/www.viadrain.ca\/en#organization"},"potentialAction":[{"@type":"SearchAction","target":{"@type":"EntryPoint","urlTemplate":"https:\/\/www.viadrain.ca\/en?s={search_term_string}"},"query-input":{"@type":"PropertyValueSpecification","valueRequired":true,"valueName":"search_term_string"}}],"inLanguage":"en-US"},{"@type":"Organization","@id":"https:\/\/www.viadrain.ca\/en#organization","name":"SERVICES VIADRAIN INC.","url":"https:\/\/www.viadrain.ca\/en","logo":{"@type":"ImageObject","inLanguage":"en-US","@id":"https:\/\/www.viadrain.ca\/en#\/schema\/logo\/image\/","url":"https:\/\/www.viadrain.ca\/wp-content\/uploads\/2022\/01\/Logo_viaDrain_320x132.gif","contentUrl":"https:\/\/www.viadrain.ca\/wp-content\/uploads\/2022\/01\/Logo_viaDrain_320x132.gif","width":320,"height":132,"caption":"SERVICES VIADRAIN INC."},"image":{"@id":"https:\/\/www.viadrain.ca\/en#\/schema\/logo\/image\/"}}]}},"_links":{"self":[{"href":"https:\/\/www.viadrain.ca\/en\/wp-json\/wp\/v2\/pages\/6569","targetHints":{"allow":["GET"]}}],"collection":[{"href":"https:\/\/www.viadrain.ca\/en\/wp-json\/wp\/v2\/pages"}],"about":[{"href":"https:\/\/www.viadrain.ca\/en\/wp-json\/wp\/v2\/types\/page"}],"author":[{"embeddable":true,"href":"https:\/\/www.viadrain.ca\/en\/wp-json\/wp\/v2\/users\/1"}],"replies":[{"embeddable":true,"href":"https:\/\/www.viadrain.ca\/en\/wp-json\/wp\/v2\/comments?post=6569"}],"version-history":[{"count":13,"href":"https:\/\/www.viadrain.ca\/en\/wp-json\/wp\/v2\/pages\/6569\/revisions"}],"predecessor-version":[{"id":6865,"href":"https:\/\/www.viadrain.ca\/en\/wp-json\/wp\/v2\/pages\/6569\/revisions\/6865"}],"wp:featuredmedia":[{"embeddable":true,"href":"https:\/\/www.viadrain.ca\/en\/wp-json\/wp\/v2\/media\/6522"}],"wp:attachment":[{"href":"https:\/\/www.viadrain.ca\/en\/wp-json\/wp\/v2\/media?parent=6569"}],"curies":[{"name":"wp","href":"https:\/\/api.w.org\/{rel}","templated":true}]}}