{"id":6551,"date":"2021-12-23T11:43:16","date_gmt":"2021-12-23T16:43:16","guid":{"rendered":"https:\/\/www.viadrain.ca\/sewer-emptying-in-montreal"},"modified":"2022-01-08T12:27:26","modified_gmt":"2022-01-08T17:27:26","slug":"sewer-drainage-in-montreal","status":"publish","type":"page","link":"https:\/\/www.viadrain.ca\/en\/sewer-drainage-in-montreal","title":{"rendered":"Sewer Drainage in Montreal"},"content":{"rendered":"[vc_row type=&#8221;in_container&#8221; full_screen_row_position=&#8221;middle&#8221; column_margin=&#8221;default&#8221; column_direction=&#8221;default&#8221; column_direction_tablet=&#8221;default&#8221; column_direction_phone=&#8221;default&#8221; scene_position=&#8221;center&#8221; top_padding=&#8221;3%&#8221; text_color=&#8221;dark&#8221; text_align=&#8221;left&#8221; row_border_radius=&#8221;none&#8221; row_border_radius_applies=&#8221;bg&#8221; overlay_strength=&#8221;0.3&#8243; gradient_direction=&#8221;left_to_right&#8221; shape_divider_position=&#8221;bottom&#8221; bg_image_animation=&#8221;none&#8221; shape_type=&#8221;&#8221;][vc_column column_padding=&#8221;no-extra-padding&#8221; column_padding_tablet=&#8221;inherit&#8221; column_padding_phone=&#8221;inherit&#8221; column_padding_position=&#8221;all&#8221; background_color_opacity=&#8221;1&#8243; background_hover_color_opacity=&#8221;1&#8243; column_shadow=&#8221;none&#8221; column_border_radius=&#8221;none&#8221; column_link_target=&#8221;_self&#8221; gradient_direction=&#8221;left_to_right&#8221; overlay_strength=&#8221;0.3&#8243; width=&#8221;1\/1&#8243; tablet_width_inherit=&#8221;default&#8221; tablet_text_alignment=&#8221;default&#8221; phone_text_alignment=&#8221;default&#8221; column_border_width=&#8221;none&#8221; column_border_style=&#8221;solid&#8221; bg_image_animation=&#8221;none&#8221;][vc_column_text]\n<h2>All the drains and toilets in your home go to your sewer line.<\/h2>\n<p>When your main sewer is clogged, you may notice various signs coming from your home. You may notice different types of these issues, for example, when the washing machine empties, your toilet may gurgle or even worse, sewage may enter your basement or bathtub drains.<\/p>\n<p>If you suspect that your sewer line is clogged, read on to learn more or call ViaDrain Services at 514-913-7246 \/ 514-91D-RAIN for quick and professional help.<\/p>\n<h3>What causes a blocked sewer line?<\/h3>\n<p>Do you have mature trees in your yard? If this is the case, you are at greater risk because tree roots are one of the main reasons for sewer line blockage. In search of water and nutrients, roots can grow in the tiny cracks where the pipe pieces fit together. As the root grows and expands, it creates leaks and eventually masses of roots can completely fill and block the pipe.<\/p>\n<p>Another common reason why your main sewer drain may be clogged. This is the act of flushing inappropriate items down the toilet. Don&#8217;t know what should and shouldn&#8217;t be rinsed? Keep it simple: if it&#8217;s not toilet paper or human waste, don&#8217;t flush it. Many people mistakenly believe that wipes and tissues can be rinsed, but this is simply not true. These materials tend not to break down easily and are likely to clog sewer lines.<\/p>\n<h3>How to tell if you have a sewer drain plug<\/h3>\n<p>A clogged sink or toilet drain is a nuisance, but a blocked main sewer is a whole other problem. It can stop all your toilets and drains from working.[\/vc_column_text][\/vc_column][\/vc_row][vc_row type=&#8221;in_container&#8221; full_screen_row_position=&#8221;middle&#8221; column_margin=&#8221;default&#8221; column_direction=&#8221;default&#8221; column_direction_tablet=&#8221;default&#8221; column_direction_phone=&#8221;default&#8221; scene_position=&#8221;center&#8221; text_color=&#8221;dark&#8221; text_align=&#8221;left&#8221; row_border_radius=&#8221;none&#8221; row_border_radius_applies=&#8221;bg&#8221; overlay_strength=&#8221;0.3&#8243; gradient_direction=&#8221;left_to_right&#8221; shape_divider_position=&#8221;bottom&#8221; bg_image_animation=&#8221;none&#8221;][vc_column column_padding=&#8221;no-extra-padding&#8221; column_padding_tablet=&#8221;inherit&#8221; column_padding_phone=&#8221;inherit&#8221; column_padding_position=&#8221;all&#8221; background_color_opacity=&#8221;1&#8243; background_hover_color_opacity=&#8221;1&#8243; column_shadow=&#8221;none&#8221; column_border_radius=&#8221;none&#8221; column_link_target=&#8221;_self&#8221; gradient_direction=&#8221;left_to_right&#8221; overlay_strength=&#8221;0.3&#8243; width=&#8221;1\/1&#8243; tablet_width_inherit=&#8221;default&#8221; tablet_text_alignment=&#8221;default&#8221; phone_text_alignment=&#8221;default&#8221; column_border_width=&#8221;none&#8221; column_border_style=&#8221;solid&#8221; bg_image_animation=&#8221;none&#8221;][vc_column_text]\n<h4>Here are some telltale signs of a clogged sewer line:<\/h4>\n<ul>\n<li>Sewer gas leaks from your bathtub, shower or sink drains.<\/li>\n<li>Several sinks in the house are slowly emptying.<\/li>\n<li>When you flush the toilet, the sink drain gurgles.<\/li>\n<li>The water level in your toilet fluctuates by itself.<\/li>\n<li>When the water in the garage drain does not drain<\/li>\n<\/ul>\n<p>If you experience more than one of the above symptoms in your home, it&#8217;s time to call a professional.[\/vc_column_text][\/vc_column][\/vc_row][vc_row type=&#8221;in_container&#8221; full_screen_row_position=&#8221;middle&#8221; column_margin=&#8221;default&#8221; column_direction=&#8221;default&#8221; column_direction_tablet=&#8221;default&#8221; column_direction_phone=&#8221;default&#8221; scene_position=&#8221;center&#8221; bottom_padding=&#8221;3%&#8221; text_color=&#8221;dark&#8221; text_align=&#8221;left&#8221; row_border_radius=&#8221;none&#8221; row_border_radius_applies=&#8221;bg&#8221; overlay_strength=&#8221;0.3&#8243; gradient_direction=&#8221;left_to_right&#8221; shape_divider_position=&#8221;bottom&#8221; bg_image_animation=&#8221;none&#8221; shape_type=&#8221;&#8221;][vc_column column_padding=&#8221;no-extra-padding&#8221; column_padding_tablet=&#8221;inherit&#8221; column_padding_phone=&#8221;inherit&#8221; column_padding_position=&#8221;all&#8221; background_color_opacity=&#8221;1&#8243; background_hover_color_opacity=&#8221;1&#8243; column_shadow=&#8221;none&#8221; column_border_radius=&#8221;none&#8221; column_link_target=&#8221;_self&#8221; gradient_direction=&#8221;left_to_right&#8221; overlay_strength=&#8221;0.3&#8243; width=&#8221;1\/1&#8243; tablet_width_inherit=&#8221;default&#8221; tablet_text_alignment=&#8221;default&#8221; phone_text_alignment=&#8221;default&#8221; column_border_width=&#8221;none&#8221; column_border_style=&#8221;solid&#8221; bg_image_animation=&#8221;none&#8221;][vc_column_text]\n<h3>So you have a clogged sewer line, now what?<\/h3>\n<p>If you think your main sewer line is clogged, don&#8217;t delay, it&#8217;s time to call a professional for help. ViaDrain Services&#8217; experts use specialized tools such as video cameras, electric drain cleaners and high-pressure machines to locate and remove stubborn sewer clogs.<\/p>\n<p><strong>Your local ViaDrain Services will resolve your sewer clog quickly and efficiently. <a href=\"https:\/\/www.viadrain.ca\/en\/request-a-quote\">Click here to request an estimate<\/a>or call us today at 514-913-7246 \/ 514-91D-RAIN.<\/strong>[\/vc_column_text][\/vc_column][\/vc_row][vc_row type=&#8221;full_width_background&#8221; full_screen_row_position=&#8221;middle&#8221; column_margin=&#8221;default&#8221; equal_height=&#8221;yes&#8221; content_placement=&#8221;middle&#8221; column_direction=&#8221;default&#8221; column_direction_tablet=&#8221;default&#8221; column_direction_phone=&#8221;default&#8221; bg_color=&#8221;#000000&#8243; scene_position=&#8221;center&#8221; top_padding=&#8221;6%&#8221; bottom_padding=&#8221;3%&#8221; text_color=&#8221;light&#8221; text_align=&#8221;left&#8221; row_border_radius=&#8221;none&#8221; row_border_radius_applies=&#8221;bg&#8221; overlay_strength=&#8221;0.95&#8243; gradient_direction=&#8221;left_to_right&#8221; enable_shape_divider=&#8221;true&#8221; shape_divider_position=&#8221;top&#8221; bg_image_animation=&#8221;none&#8221; shape_type=&#8221;curve_asym&#8221;][vc_column column_padding=&#8221;no-extra-padding&#8221; column_padding_tablet=&#8221;inherit&#8221; column_padding_phone=&#8221;inherit&#8221; column_padding_position=&#8221;all&#8221; background_color_opacity=&#8221;1&#8243; background_hover_color_opacity=&#8221;1&#8243; column_shadow=&#8221;none&#8221; column_border_radius=&#8221;none&#8221; column_link_target=&#8221;_self&#8221; gradient_direction=&#8221;left_to_right&#8221; overlay_strength=&#8221;0.3&#8243; width=&#8221;2\/3&#8243; tablet_width_inherit=&#8221;default&#8221; tablet_text_alignment=&#8221;center&#8221; phone_text_alignment=&#8221;center&#8221; column_border_width=&#8221;none&#8221; column_border_style=&#8221;solid&#8221; bg_image_animation=&#8221;none&#8221;][vc_column_text]For more information, call <strong>(514) 913-7246<\/strong>. You can also contact us online today for a free estimate.[\/vc_column_text][\/vc_column][vc_column column_padding=&#8221;no-extra-padding&#8221; column_padding_tablet=&#8221;inherit&#8221; column_padding_phone=&#8221;inherit&#8221; column_padding_position=&#8221;all&#8221; background_color_opacity=&#8221;1&#8243; background_hover_color_opacity=&#8221;1&#8243; column_shadow=&#8221;none&#8221; column_border_radius=&#8221;none&#8221; column_link_target=&#8221;_self&#8221; gradient_direction=&#8221;left_to_right&#8221; overlay_strength=&#8221;0.3&#8243; width=&#8221;1\/3&#8243; tablet_width_inherit=&#8221;default&#8221; tablet_text_alignment=&#8221;center&#8221; phone_text_alignment=&#8221;center&#8221; column_border_width=&#8221;none&#8221; column_border_style=&#8221;solid&#8221; bg_image_animation=&#8221;none&#8221;][vc_row_inner column_margin=&#8221;default&#8221; column_direction=&#8221;default&#8221; column_direction_tablet=&#8221;default&#8221; column_direction_phone=&#8221;default&#8221; text_align=&#8221;right&#8221;][vc_column_inner column_padding=&#8221;no-extra-padding&#8221; column_padding_tablet=&#8221;inherit&#8221; column_padding_phone=&#8221;inherit&#8221; column_padding_position=&#8221;all&#8221; background_color_opacity=&#8221;1&#8243; background_hover_color_opacity=&#8221;1&#8243; column_shadow=&#8221;none&#8221; column_border_radius=&#8221;none&#8221; column_link_target=&#8221;_self&#8221; gradient_direction=&#8221;left_to_right&#8221; overlay_strength=&#8221;0.3&#8243; width=&#8221;1\/1&#8243; tablet_width_inherit=&#8221;default&#8221; column_border_width=&#8221;none&#8221; column_border_style=&#8221;solid&#8221; bg_image_animation=&#8221;none&#8221;][nectar_cta btn_style=&#8221;arrow-animation&#8221; heading_tag=&#8221;h4&#8243; text_color=&#8221;#ffffff&#8221; button_color=&#8221;accent-color&#8221; link_type=&#8221;regular&#8221; alignment=&#8221;left&#8221; display=&#8221;inline&#8221; link_text=&#8221;Request a quote&#8221; url=&#8221;https:\/\/www.viadrain.ca\/en\/request-a-quote&#8221; padding_top=&#8221;20&#8243; padding_right=&#8221;20&#8243; padding_bottom=&#8221;20&#8243; padding_left=&#8221;20&#8243;][\/vc_column_inner][\/vc_row_inner][\/vc_column][\/vc_row][vc_row type=&#8221;full_width_content&#8221; full_screen_row_position=&#8221;middle&#8221; column_margin=&#8221;default&#8221; column_direction=&#8221;default&#8221; column_direction_tablet=&#8221;default&#8221; column_direction_phone=&#8221;default&#8221; bg_color=&#8221;#000000&#8243; scene_position=&#8221;center&#8221; text_color=&#8221;light&#8221; text_align=&#8221;left&#8221; row_border_radius=&#8221;none&#8221; row_border_radius_applies=&#8221;bg&#8221; overlay_strength=&#8221;0.3&#8243; gradient_direction=&#8221;left_to_right&#8221; shape_divider_position=&#8221;bottom&#8221; bg_image_animation=&#8221;none&#8221; shape_type=&#8221;&#8221;][vc_column column_padding=&#8221;no-extra-padding&#8221; column_padding_tablet=&#8221;inherit&#8221; column_padding_phone=&#8221;inherit&#8221; column_padding_position=&#8221;all&#8221; background_color_opacity=&#8221;1&#8243; background_hover_color_opacity=&#8221;1&#8243; column_shadow=&#8221;none&#8221; column_border_radius=&#8221;none&#8221; column_link_target=&#8221;_self&#8221; gradient_direction=&#8221;left_to_right&#8221; overlay_strength=&#8221;0.3&#8243; width=&#8221;1\/1&#8243; tablet_width_inherit=&#8221;default&#8221; tablet_text_alignment=&#8221;default&#8221; phone_text_alignment=&#8221;default&#8221; column_border_width=&#8221;none&#8221; column_border_style=&#8221;solid&#8221; bg_image_animation=&#8221;none&#8221;][divider line_type=&#8221;Full Width Line&#8221; line_thickness=&#8221;1&#8243; divider_color=&#8221;default&#8221; custom_height=&#8221;2&#8243;][\/vc_column][\/vc_row]\n","protected":false},"excerpt":{"rendered":"<p>[vc_row type=&#8221;in_container&#8221; full_screen_row_position=&#8221;middle&#8221; column_margin=&#8221;default&#8221; column_direction=&#8221;default&#8221; column_direction_tablet=&#8221;default&#8221; column_direction_phone=&#8221;default&#8221; scene_position=&#8221;center&#8221; top_padding=&#8221;3%&#8221; text_color=&#8221;dark&#8221; text_align=&#8221;left&#8221; row_border_radius=&#8221;none&#8221; row_border_radius_applies=&#8221;bg&#8221; overlay_strength=&#8221;0.3&#8243; gradient_direction=&#8221;left_to_right&#8221; shape_divider_position=&#8221;bottom&#8221; bg_image_animation=&#8221;none&#8221; shape_type=&#8221;&#8221;][vc_column column_padding=&#8221;no-extra-padding&#8221; column_padding_tablet=&#8221;inherit&#8221; column_padding_phone=&#8221;inherit&#8221; column_padding_position=&#8221;all&#8221; background_color_opacity=&#8221;1&#8243; background_hover_color_opacity=&#8221;1&#8243; column_shadow=&#8221;none&#8221; column_border_radius=&#8221;none&#8221; column_link_target=&#8221;_self&#8221; gradient_direction=&#8221;left_to_right&#8221; overlay_strength=&#8221;0.3&#8243; width=&#8221;1\/1&#8243;&#8230;<\/p>\n","protected":false},"author":1,"featured_media":6526,"parent":0,"menu_order":3,"comment_status":"closed","ping_status":"closed","template":"","meta":{"content-type":"","footnotes":""},"class_list":["post-6551","page","type-page","status-publish","has-post-thumbnail"],"yoast_head":"<!-- This site is optimized with the Yoast SEO plugin v26.7 - https:\/\/yoast.com\/wordpress\/plugins\/seo\/ -->\n<title>Sewer Drainage in Montreal - Services ViaDrain<\/title>\n<meta name=\"robots\" content=\"index, follow, max-snippet:-1, max-image-preview:large, max-video-preview:-1\" \/>\n<link rel=\"canonical\" href=\"https:\/\/www.viadrain.ca\/en\/sewer-drainage-in-montreal\" \/>\n<meta property=\"og:locale\" content=\"en_US\" \/>\n<meta property=\"og:type\" content=\"article\" \/>\n<meta property=\"og:title\" content=\"Sewer Drainage in Montreal - Services ViaDrain\" \/>\n<meta property=\"og:description\" content=\"[vc_row type=&#8221;in_container&#8221; full_screen_row_position=&#8221;middle&#8221; column_margin=&#8221;default&#8221; column_direction=&#8221;default&#8221; column_direction_tablet=&#8221;default&#8221; column_direction_phone=&#8221;default&#8221; scene_position=&#8221;center&#8221; top_padding=&#8221;3%&#8221; text_color=&#8221;dark&#8221; text_align=&#8221;left&#8221; row_border_radius=&#8221;none&#8221; row_border_radius_applies=&#8221;bg&#8221; overlay_strength=&#8221;0.3&#8243; gradient_direction=&#8221;left_to_right&#8221; shape_divider_position=&#8221;bottom&#8221; bg_image_animation=&#8221;none&#8221; shape_type=&#8221;&#8221;][vc_column column_padding=&#8221;no-extra-padding&#8221; column_padding_tablet=&#8221;inherit&#8221; column_padding_phone=&#8221;inherit&#8221; column_padding_position=&#8221;all&#8221; background_color_opacity=&#8221;1&#8243; background_hover_color_opacity=&#8221;1&#8243; column_shadow=&#8221;none&#8221; column_border_radius=&#8221;none&#8221; column_link_target=&#8221;_self&#8221; gradient_direction=&#8221;left_to_right&#8221; overlay_strength=&#8221;0.3&#8243; width=&#8221;1\/1&#8243;...\" \/>\n<meta property=\"og:url\" content=\"https:\/\/www.viadrain.ca\/en\/sewer-drainage-in-montreal\" \/>\n<meta property=\"og:site_name\" content=\"Services ViaDrain\" \/>\n<meta property=\"article:modified_time\" content=\"2022-01-08T17:27:26+00:00\" \/>\n<meta property=\"og:image\" content=\"https:\/\/www.viadrain.ca\/wp-content\/uploads\/2021\/11\/bouchon-de-vidange-degout_1200x630.jpg\" \/>\n\t<meta property=\"og:image:width\" content=\"1200\" \/>\n\t<meta property=\"og:image:height\" content=\"630\" \/>\n\t<meta property=\"og:image:type\" content=\"image\/jpeg\" \/>\n<meta name=\"twitter:card\" content=\"summary_large_image\" \/>\n<meta name=\"twitter:label1\" content=\"Est. reading time\" \/>\n\t<meta name=\"twitter:data1\" content=\"4 minutes\" \/>\n<script type=\"application\/ld+json\" class=\"yoast-schema-graph\">{\"@context\":\"https:\/\/schema.org\",\"@graph\":[{\"@type\":\"WebPage\",\"@id\":\"https:\/\/www.viadrain.ca\/en\/sewer-drainage-in-montreal\",\"url\":\"https:\/\/www.viadrain.ca\/en\/sewer-drainage-in-montreal\",\"name\":\"Sewer Drainage in Montreal - Services ViaDrain\",\"isPartOf\":{\"@id\":\"https:\/\/www.viadrain.ca\/en#website\"},\"primaryImageOfPage\":{\"@id\":\"https:\/\/www.viadrain.ca\/en\/sewer-drainage-in-montreal#primaryimage\"},\"image\":{\"@id\":\"https:\/\/www.viadrain.ca\/en\/sewer-drainage-in-montreal#primaryimage\"},\"thumbnailUrl\":\"https:\/\/www.viadrain.ca\/wp-content\/uploads\/2021\/11\/bouchon-de-vidange-degout_1200x630.jpg\",\"datePublished\":\"2021-12-23T16:43:16+00:00\",\"dateModified\":\"2022-01-08T17:27:26+00:00\",\"breadcrumb\":{\"@id\":\"https:\/\/www.viadrain.ca\/en\/sewer-drainage-in-montreal#breadcrumb\"},\"inLanguage\":\"en-US\",\"potentialAction\":[{\"@type\":\"ReadAction\",\"target\":[\"https:\/\/www.viadrain.ca\/en\/sewer-drainage-in-montreal\"]}]},{\"@type\":\"ImageObject\",\"inLanguage\":\"en-US\",\"@id\":\"https:\/\/www.viadrain.ca\/en\/sewer-drainage-in-montreal#primaryimage\",\"url\":\"https:\/\/www.viadrain.ca\/wp-content\/uploads\/2021\/11\/bouchon-de-vidange-degout_1200x630.jpg\",\"contentUrl\":\"https:\/\/www.viadrain.ca\/wp-content\/uploads\/2021\/11\/bouchon-de-vidange-degout_1200x630.jpg\",\"width\":1200,\"height\":630},{\"@type\":\"BreadcrumbList\",\"@id\":\"https:\/\/www.viadrain.ca\/en\/sewer-drainage-in-montreal#breadcrumb\",\"itemListElement\":[{\"@type\":\"ListItem\",\"position\":1,\"name\":\"Accueil\",\"item\":\"https:\/\/www.viadrain.ca\/en\"},{\"@type\":\"ListItem\",\"position\":2,\"name\":\"Sewer Drainage in Montreal\"}]},{\"@type\":\"WebSite\",\"@id\":\"https:\/\/www.viadrain.ca\/en#website\",\"url\":\"https:\/\/www.viadrain.ca\/en\",\"name\":\"Services ViaDrain\",\"description\":\"Experts en d\u00e9bouchage et nettoyage de drains \u00e0 Montr\u00e9al\",\"publisher\":{\"@id\":\"https:\/\/www.viadrain.ca\/en#organization\"},\"potentialAction\":[{\"@type\":\"SearchAction\",\"target\":{\"@type\":\"EntryPoint\",\"urlTemplate\":\"https:\/\/www.viadrain.ca\/en?s={search_term_string}\"},\"query-input\":{\"@type\":\"PropertyValueSpecification\",\"valueRequired\":true,\"valueName\":\"search_term_string\"}}],\"inLanguage\":\"en-US\"},{\"@type\":\"Organization\",\"@id\":\"https:\/\/www.viadrain.ca\/en#organization\",\"name\":\"SERVICES VIADRAIN INC.\",\"url\":\"https:\/\/www.viadrain.ca\/en\",\"logo\":{\"@type\":\"ImageObject\",\"inLanguage\":\"en-US\",\"@id\":\"https:\/\/www.viadrain.ca\/en#\/schema\/logo\/image\/\",\"url\":\"https:\/\/www.viadrain.ca\/wp-content\/uploads\/2022\/01\/Logo_viaDrain_320x132.gif\",\"contentUrl\":\"https:\/\/www.viadrain.ca\/wp-content\/uploads\/2022\/01\/Logo_viaDrain_320x132.gif\",\"width\":320,\"height\":132,\"caption\":\"SERVICES VIADRAIN INC.\"},\"image\":{\"@id\":\"https:\/\/www.viadrain.ca\/en#\/schema\/logo\/image\/\"}}]}<\/script>\n<!-- \/ Yoast SEO plugin. -->","yoast_head_json":{"title":"Sewer Drainage in Montreal - Services ViaDrain","robots":{"index":"index","follow":"follow","max-snippet":"max-snippet:-1","max-image-preview":"max-image-preview:large","max-video-preview":"max-video-preview:-1"},"canonical":"https:\/\/www.viadrain.ca\/en\/sewer-drainage-in-montreal","og_locale":"en_US","og_type":"article","og_title":"Sewer Drainage in Montreal - Services ViaDrain","og_description":"[vc_row type=&#8221;in_container&#8221; full_screen_row_position=&#8221;middle&#8221; column_margin=&#8221;default&#8221; column_direction=&#8221;default&#8221; column_direction_tablet=&#8221;default&#8221; column_direction_phone=&#8221;default&#8221; scene_position=&#8221;center&#8221; top_padding=&#8221;3%&#8221; text_color=&#8221;dark&#8221; text_align=&#8221;left&#8221; row_border_radius=&#8221;none&#8221; row_border_radius_applies=&#8221;bg&#8221; overlay_strength=&#8221;0.3&#8243; gradient_direction=&#8221;left_to_right&#8221; shape_divider_position=&#8221;bottom&#8221; bg_image_animation=&#8221;none&#8221; shape_type=&#8221;&#8221;][vc_column column_padding=&#8221;no-extra-padding&#8221; column_padding_tablet=&#8221;inherit&#8221; column_padding_phone=&#8221;inherit&#8221; column_padding_position=&#8221;all&#8221; background_color_opacity=&#8221;1&#8243; background_hover_color_opacity=&#8221;1&#8243; column_shadow=&#8221;none&#8221; column_border_radius=&#8221;none&#8221; column_link_target=&#8221;_self&#8221; gradient_direction=&#8221;left_to_right&#8221; overlay_strength=&#8221;0.3&#8243; width=&#8221;1\/1&#8243;...","og_url":"https:\/\/www.viadrain.ca\/en\/sewer-drainage-in-montreal","og_site_name":"Services ViaDrain","article_modified_time":"2022-01-08T17:27:26+00:00","og_image":[{"width":1200,"height":630,"url":"https:\/\/www.viadrain.ca\/wp-content\/uploads\/2021\/11\/bouchon-de-vidange-degout_1200x630.jpg","type":"image\/jpeg"}],"twitter_card":"summary_large_image","twitter_misc":{"Est. reading time":"4 minutes"},"schema":{"@context":"https:\/\/schema.org","@graph":[{"@type":"WebPage","@id":"https:\/\/www.viadrain.ca\/en\/sewer-drainage-in-montreal","url":"https:\/\/www.viadrain.ca\/en\/sewer-drainage-in-montreal","name":"Sewer Drainage in Montreal - Services ViaDrain","isPartOf":{"@id":"https:\/\/www.viadrain.ca\/en#website"},"primaryImageOfPage":{"@id":"https:\/\/www.viadrain.ca\/en\/sewer-drainage-in-montreal#primaryimage"},"image":{"@id":"https:\/\/www.viadrain.ca\/en\/sewer-drainage-in-montreal#primaryimage"},"thumbnailUrl":"https:\/\/www.viadrain.ca\/wp-content\/uploads\/2021\/11\/bouchon-de-vidange-degout_1200x630.jpg","datePublished":"2021-12-23T16:43:16+00:00","dateModified":"2022-01-08T17:27:26+00:00","breadcrumb":{"@id":"https:\/\/www.viadrain.ca\/en\/sewer-drainage-in-montreal#breadcrumb"},"inLanguage":"en-US","potentialAction":[{"@type":"ReadAction","target":["https:\/\/www.viadrain.ca\/en\/sewer-drainage-in-montreal"]}]},{"@type":"ImageObject","inLanguage":"en-US","@id":"https:\/\/www.viadrain.ca\/en\/sewer-drainage-in-montreal#primaryimage","url":"https:\/\/www.viadrain.ca\/wp-content\/uploads\/2021\/11\/bouchon-de-vidange-degout_1200x630.jpg","contentUrl":"https:\/\/www.viadrain.ca\/wp-content\/uploads\/2021\/11\/bouchon-de-vidange-degout_1200x630.jpg","width":1200,"height":630},{"@type":"BreadcrumbList","@id":"https:\/\/www.viadrain.ca\/en\/sewer-drainage-in-montreal#breadcrumb","itemListElement":[{"@type":"ListItem","position":1,"name":"Accueil","item":"https:\/\/www.viadrain.ca\/en"},{"@type":"ListItem","position":2,"name":"Sewer Drainage in Montreal"}]},{"@type":"WebSite","@id":"https:\/\/www.viadrain.ca\/en#website","url":"https:\/\/www.viadrain.ca\/en","name":"Services ViaDrain","description":"Experts en d\u00e9bouchage et nettoyage de drains \u00e0 Montr\u00e9al","publisher":{"@id":"https:\/\/www.viadrain.ca\/en#organization"},"potentialAction":[{"@type":"SearchAction","target":{"@type":"EntryPoint","urlTemplate":"https:\/\/www.viadrain.ca\/en?s={search_term_string}"},"query-input":{"@type":"PropertyValueSpecification","valueRequired":true,"valueName":"search_term_string"}}],"inLanguage":"en-US"},{"@type":"Organization","@id":"https:\/\/www.viadrain.ca\/en#organization","name":"SERVICES VIADRAIN INC.","url":"https:\/\/www.viadrain.ca\/en","logo":{"@type":"ImageObject","inLanguage":"en-US","@id":"https:\/\/www.viadrain.ca\/en#\/schema\/logo\/image\/","url":"https:\/\/www.viadrain.ca\/wp-content\/uploads\/2022\/01\/Logo_viaDrain_320x132.gif","contentUrl":"https:\/\/www.viadrain.ca\/wp-content\/uploads\/2022\/01\/Logo_viaDrain_320x132.gif","width":320,"height":132,"caption":"SERVICES VIADRAIN INC."},"image":{"@id":"https:\/\/www.viadrain.ca\/en#\/schema\/logo\/image\/"}}]}},"_links":{"self":[{"href":"https:\/\/www.viadrain.ca\/en\/wp-json\/wp\/v2\/pages\/6551","targetHints":{"allow":["GET"]}}],"collection":[{"href":"https:\/\/www.viadrain.ca\/en\/wp-json\/wp\/v2\/pages"}],"about":[{"href":"https:\/\/www.viadrain.ca\/en\/wp-json\/wp\/v2\/types\/page"}],"author":[{"embeddable":true,"href":"https:\/\/www.viadrain.ca\/en\/wp-json\/wp\/v2\/users\/1"}],"replies":[{"embeddable":true,"href":"https:\/\/www.viadrain.ca\/en\/wp-json\/wp\/v2\/comments?post=6551"}],"version-history":[{"count":15,"href":"https:\/\/www.viadrain.ca\/en\/wp-json\/wp\/v2\/pages\/6551\/revisions"}],"predecessor-version":[{"id":6862,"href":"https:\/\/www.viadrain.ca\/en\/wp-json\/wp\/v2\/pages\/6551\/revisions\/6862"}],"wp:featuredmedia":[{"embeddable":true,"href":"https:\/\/www.viadrain.ca\/en\/wp-json\/wp\/v2\/media\/6526"}],"wp:attachment":[{"href":"https:\/\/www.viadrain.ca\/en\/wp-json\/wp\/v2\/media?parent=6551"}],"curies":[{"name":"wp","href":"https:\/\/api.w.org\/{rel}","templated":true}]}}