{"id":6538,"date":"2021-12-23T09:14:33","date_gmt":"2021-12-23T14:14:33","guid":{"rendered":"https:\/\/www.viadrain.ca\/request-a-quote"},"modified":"2022-01-08T11:18:59","modified_gmt":"2022-01-08T16:18:59","slug":"request-a-quote","status":"publish","type":"page","link":"https:\/\/www.viadrain.ca\/en\/request-a-quote","title":{"rendered":"Request a quote"},"content":{"rendered":"[vc_row type=&#8221;full_width_content&#8221; full_screen_row_position=&#8221;middle&#8221; column_margin=&#8221;default&#8221; column_direction=&#8221;default&#8221; column_direction_tablet=&#8221;default&#8221; column_direction_phone=&#8221;default&#8221; scene_position=&#8221;center&#8221; text_color=&#8221;dark&#8221; text_align=&#8221;left&#8221; row_border_radius=&#8221;none&#8221; row_border_radius_applies=&#8221;bg&#8221; overlay_strength=&#8221;0.3&#8243; gradient_direction=&#8221;left_to_right&#8221; shape_divider_position=&#8221;bottom&#8221; bg_image_animation=&#8221;none&#8221; shape_type=&#8221;&#8221;][vc_column column_padding=&#8221;no-extra-padding&#8221; column_padding_tablet=&#8221;inherit&#8221; column_padding_phone=&#8221;inherit&#8221; column_padding_position=&#8221;all&#8221; background_color_opacity=&#8221;1&#8243; background_hover_color_opacity=&#8221;1&#8243; column_shadow=&#8221;none&#8221; column_border_radius=&#8221;none&#8221; column_link_target=&#8221;_self&#8221; gradient_direction=&#8221;left_to_right&#8221; overlay_strength=&#8221;0.3&#8243; width=&#8221;1\/1&#8243; tablet_width_inherit=&#8221;default&#8221; tablet_text_alignment=&#8221;default&#8221; phone_text_alignment=&#8221;default&#8221; column_border_width=&#8221;none&#8221; column_border_style=&#8221;solid&#8221; bg_image_animation=&#8221;none&#8221; offset=&#8221;vc_hidden-xs&#8221;][nectar_gmap map_type=&#8221;leaflet&#8221; zoom=&#8221;10&#8243; marker_style=&#8221;default&#8221; color=&#8221;accent-color&#8221; size=&#8221;400&#8243; map_center_lat=&#8221;45.578250885009766&#8243; map_center_lng=&#8221;-73.54428100585938&#8243; map_markers=&#8221;45.578250885009766|-73.54428100585938|SERVICES VIADRAIN&#8221;][\/vc_column][\/vc_row][vc_row type=&#8221;in_container&#8221; full_screen_row_position=&#8221;middle&#8221; column_margin=&#8221;90px&#8221; column_direction=&#8221;default&#8221; column_direction_tablet=&#8221;default&#8221; column_direction_phone=&#8221;default&#8221; scene_position=&#8221;center&#8221; top_padding=&#8221;3%&#8221; bottom_padding=&#8221;3%&#8221; text_color=&#8221;dark&#8221; text_align=&#8221;left&#8221; row_border_radius=&#8221;none&#8221; row_border_radius_applies=&#8221;bg&#8221; overlay_strength=&#8221;0.3&#8243; gradient_direction=&#8221;left_to_right&#8221; shape_divider_position=&#8221;bottom&#8221; bg_image_animation=&#8221;none&#8221; shape_type=&#8221;&#8221;][vc_column column_padding=&#8221;no-extra-padding&#8221; column_padding_tablet=&#8221;inherit&#8221; column_padding_phone=&#8221;inherit&#8221; column_padding_position=&#8221;all&#8221; background_color_opacity=&#8221;1&#8243; background_hover_color_opacity=&#8221;1&#8243; column_shadow=&#8221;none&#8221; column_border_radius=&#8221;none&#8221; column_link_target=&#8221;_self&#8221; gradient_direction=&#8221;left_to_right&#8221; overlay_strength=&#8221;0.3&#8243; width=&#8221;2\/3&#8243; tablet_width_inherit=&#8221;default&#8221; tablet_text_alignment=&#8221;default&#8221; phone_text_alignment=&#8221;default&#8221; column_border_width=&#8221;none&#8221; column_border_style=&#8221;solid&#8221; bg_image_animation=&#8221;none&#8221;][split_line_heading animation_type=&#8221;line-reveal-by-space&#8221; font_style=&#8221;h3&#8243; text_content=&#8221;Request a quote&#8221;][\/split_line_heading][vc_raw_js]JTNDc2NyaXB0JTIwY2hhcnNldCUzRCUyMnV0Zi04JTIyJTIwdHlwZSUzRCUyMnRleHQlMkZqYXZhc2NyaXB0JTIyJTIwc3JjJTNEJTIyJTJGJTJGanMuaHNmb3Jtcy5uZXQlMkZmb3JtcyUyRnNoZWxsLmpzJTIyJTNFJTNDJTJGc2NyaXB0JTNFJTBBJTNDc2NyaXB0JTNFJTBBJTIwJTIwaGJzcHQuZm9ybXMuY3JlYXRlJTI4JTdCJTBBJTA5cmVnaW9uJTNBJTIwJTIybmExJTIyJTJDJTBBJTA5cG9ydGFsSWQlM0ElMjAlMjIyMTEwMTkzMyUyMiUyQyUwQSUwOWZvcm1JZCUzQSUyMCUyMjYwMjljYTMyLWE1NTMtNDAzYy04OTU5LWYwNzVhMmMxMDNiYSUyMiUwQSU3RCUyOSUzQiUwQSUzQyUyRnNjcmlwdCUzRQ==[\/vc_raw_js][\/vc_column][vc_column column_padding=&#8221;no-extra-padding&#8221; column_padding_tablet=&#8221;inherit&#8221; column_padding_phone=&#8221;inherit&#8221; column_padding_position=&#8221;all&#8221; background_color_opacity=&#8221;1&#8243; background_hover_color_opacity=&#8221;1&#8243; column_shadow=&#8221;none&#8221; column_border_radius=&#8221;none&#8221; column_link_target=&#8221;_self&#8221; gradient_direction=&#8221;left_to_right&#8221; overlay_strength=&#8221;0.3&#8243; width=&#8221;1\/3&#8243; tablet_width_inherit=&#8221;default&#8221; tablet_text_alignment=&#8221;default&#8221; phone_text_alignment=&#8221;default&#8221; column_border_width=&#8221;none&#8221; column_border_style=&#8221;solid&#8221; bg_image_animation=&#8221;none&#8221;][split_line_heading animation_type=&#8221;line-reveal-by-space&#8221; font_style=&#8221;h3&#8243; text_content=&#8221;SERVICES VIADRAIN INC.&#8221;][\/split_line_heading][vc_column_text]3280 av. de la P\u00e9pini\u00e8re<br \/>\nSuite 201, Montreal, QC<br \/>\nH1N 3N4, Canada<\/p>\n<p><strong>Phone<\/strong>: (514) 913-7246 \/ 514-91D-RAIN<br \/>\n<strong>Email<\/strong>: <a href=\"mailto:contact@viadrain.ca\" target=\"_blank\" rel=\"noopener noreferrer\">contact@viadrain.ca<\/a>[\/vc_column_text][vc_raw_js]JTNDJTIxLS0lMjBTdGFydCUyMG9mJTIwTWVldGluZ3MlMjBFbWJlZCUyMFNjcmlwdCUyMC0tJTNFJTBBJTIwJTIwJTIwJTIwJTNDZGl2JTIwY2xhc3MlM0QlMjJtZWV0aW5ncy1pZnJhbWUtY29udGFpbmVyJTIyJTIwZGF0YS1zcmMlM0QlMjJodHRwcyUzQSUyRiUyRm1lZXRpbmdzLmh1YnNwb3QuY29tJTJGbXNpbW9uaXNlJTNGZW1iZWQlM0R0cnVlJTIyJTNFJTNDJTJGZGl2JTNFJTBBJTIwJTIwJTIwJTIwJTNDc2NyaXB0JTIwdHlwZSUzRCUyMnRleHQlMkZqYXZhc2NyaXB0JTIyJTIwc3JjJTNEJTIyaHR0cHMlM0ElMkYlMkZzdGF0aWMuaHNhcHBzdGF0aWMubmV0JTJGTWVldGluZ3NFbWJlZCUyRmV4JTJGTWVldGluZ3NFbWJlZENvZGUuanMlMjIlM0UlM0MlMkZzY3JpcHQlM0UlMEElMjAlMjAlM0MlMjEtLSUyMEVuZCUyMG9mJTIwTWVldGluZ3MlMjBFbWJlZCUyMFNjcmlwdCUyMC0tJTNF[\/vc_raw_js][\/vc_column][\/vc_row]\n","protected":false},"excerpt":{"rendered":"<p>[vc_row type=&#8221;full_width_content&#8221; full_screen_row_position=&#8221;middle&#8221; column_margin=&#8221;default&#8221; column_direction=&#8221;default&#8221; column_direction_tablet=&#8221;default&#8221; column_direction_phone=&#8221;default&#8221; scene_position=&#8221;center&#8221; text_color=&#8221;dark&#8221; text_align=&#8221;left&#8221; row_border_radius=&#8221;none&#8221; row_border_radius_applies=&#8221;bg&#8221; overlay_strength=&#8221;0.3&#8243; gradient_direction=&#8221;left_to_right&#8221; shape_divider_position=&#8221;bottom&#8221; bg_image_animation=&#8221;none&#8221; shape_type=&#8221;&#8221;][vc_column column_padding=&#8221;no-extra-padding&#8221; column_padding_tablet=&#8221;inherit&#8221; column_padding_phone=&#8221;inherit&#8221; column_padding_position=&#8221;all&#8221; background_color_opacity=&#8221;1&#8243; background_hover_color_opacity=&#8221;1&#8243; column_shadow=&#8221;none&#8221; column_border_radius=&#8221;none&#8221; column_link_target=&#8221;_self&#8221; gradient_direction=&#8221;left_to_right&#8221; overlay_strength=&#8221;0.3&#8243; width=&#8221;1\/1&#8243; tablet_width_inherit=&#8221;default&#8221;&#8230;<\/p>\n","protected":false},"author":1,"featured_media":0,"parent":0,"menu_order":14,"comment_status":"closed","ping_status":"closed","template":"","meta":{"content-type":"","footnotes":""},"class_list":["post-6538","page","type-page","status-publish"],"yoast_head":"<!-- This site is optimized with the Yoast SEO plugin v26.7 - https:\/\/yoast.com\/wordpress\/plugins\/seo\/ -->\n<title>Request a quote - Services ViaDrain<\/title>\n<meta name=\"robots\" content=\"index, follow, max-snippet:-1, max-image-preview:large, max-video-preview:-1\" \/>\n<link rel=\"canonical\" href=\"https:\/\/www.viadrain.ca\/en\/request-a-quote\" \/>\n<meta property=\"og:locale\" content=\"en_US\" \/>\n<meta property=\"og:type\" content=\"article\" \/>\n<meta property=\"og:title\" content=\"Request a quote - Services ViaDrain\" \/>\n<meta property=\"og:description\" content=\"[vc_row type=&#8221;full_width_content&#8221; full_screen_row_position=&#8221;middle&#8221; column_margin=&#8221;default&#8221; column_direction=&#8221;default&#8221; column_direction_tablet=&#8221;default&#8221; column_direction_phone=&#8221;default&#8221; scene_position=&#8221;center&#8221; text_color=&#8221;dark&#8221; text_align=&#8221;left&#8221; row_border_radius=&#8221;none&#8221; row_border_radius_applies=&#8221;bg&#8221; overlay_strength=&#8221;0.3&#8243; gradient_direction=&#8221;left_to_right&#8221; shape_divider_position=&#8221;bottom&#8221; bg_image_animation=&#8221;none&#8221; shape_type=&#8221;&#8221;][vc_column column_padding=&#8221;no-extra-padding&#8221; column_padding_tablet=&#8221;inherit&#8221; column_padding_phone=&#8221;inherit&#8221; column_padding_position=&#8221;all&#8221; background_color_opacity=&#8221;1&#8243; background_hover_color_opacity=&#8221;1&#8243; column_shadow=&#8221;none&#8221; column_border_radius=&#8221;none&#8221; column_link_target=&#8221;_self&#8221; gradient_direction=&#8221;left_to_right&#8221; overlay_strength=&#8221;0.3&#8243; width=&#8221;1\/1&#8243; tablet_width_inherit=&#8221;default&#8221;...\" \/>\n<meta property=\"og:url\" content=\"https:\/\/www.viadrain.ca\/en\/request-a-quote\" \/>\n<meta property=\"og:site_name\" content=\"Services ViaDrain\" \/>\n<meta property=\"article:modified_time\" content=\"2022-01-08T16:18:59+00:00\" \/>\n<meta name=\"twitter:card\" content=\"summary_large_image\" \/>\n<meta name=\"twitter:label1\" content=\"Est. reading time\" \/>\n\t<meta name=\"twitter:data1\" content=\"1 minute\" \/>\n<script type=\"application\/ld+json\" class=\"yoast-schema-graph\">{\"@context\":\"https:\/\/schema.org\",\"@graph\":[{\"@type\":\"WebPage\",\"@id\":\"https:\/\/www.viadrain.ca\/en\/request-a-quote\",\"url\":\"https:\/\/www.viadrain.ca\/en\/request-a-quote\",\"name\":\"Request a quote - Services ViaDrain\",\"isPartOf\":{\"@id\":\"https:\/\/www.viadrain.ca\/en#website\"},\"datePublished\":\"2021-12-23T14:14:33+00:00\",\"dateModified\":\"2022-01-08T16:18:59+00:00\",\"breadcrumb\":{\"@id\":\"https:\/\/www.viadrain.ca\/en\/request-a-quote#breadcrumb\"},\"inLanguage\":\"en-US\",\"potentialAction\":[{\"@type\":\"ReadAction\",\"target\":[\"https:\/\/www.viadrain.ca\/en\/request-a-quote\"]}]},{\"@type\":\"BreadcrumbList\",\"@id\":\"https:\/\/www.viadrain.ca\/en\/request-a-quote#breadcrumb\",\"itemListElement\":[{\"@type\":\"ListItem\",\"position\":1,\"name\":\"Accueil\",\"item\":\"https:\/\/www.viadrain.ca\/en\"},{\"@type\":\"ListItem\",\"position\":2,\"name\":\"Request a quote\"}]},{\"@type\":\"WebSite\",\"@id\":\"https:\/\/www.viadrain.ca\/en#website\",\"url\":\"https:\/\/www.viadrain.ca\/en\",\"name\":\"Services ViaDrain\",\"description\":\"Experts en d\u00e9bouchage et nettoyage de drains \u00e0 Montr\u00e9al\",\"publisher\":{\"@id\":\"https:\/\/www.viadrain.ca\/en#organization\"},\"potentialAction\":[{\"@type\":\"SearchAction\",\"target\":{\"@type\":\"EntryPoint\",\"urlTemplate\":\"https:\/\/www.viadrain.ca\/en?s={search_term_string}\"},\"query-input\":{\"@type\":\"PropertyValueSpecification\",\"valueRequired\":true,\"valueName\":\"search_term_string\"}}],\"inLanguage\":\"en-US\"},{\"@type\":\"Organization\",\"@id\":\"https:\/\/www.viadrain.ca\/en#organization\",\"name\":\"SERVICES VIADRAIN INC.\",\"url\":\"https:\/\/www.viadrain.ca\/en\",\"logo\":{\"@type\":\"ImageObject\",\"inLanguage\":\"en-US\",\"@id\":\"https:\/\/www.viadrain.ca\/en#\/schema\/logo\/image\/\",\"url\":\"https:\/\/www.viadrain.ca\/wp-content\/uploads\/2022\/01\/Logo_viaDrain_320x132.gif\",\"contentUrl\":\"https:\/\/www.viadrain.ca\/wp-content\/uploads\/2022\/01\/Logo_viaDrain_320x132.gif\",\"width\":320,\"height\":132,\"caption\":\"SERVICES VIADRAIN INC.\"},\"image\":{\"@id\":\"https:\/\/www.viadrain.ca\/en#\/schema\/logo\/image\/\"}}]}<\/script>\n<!-- \/ Yoast SEO plugin. -->","yoast_head_json":{"title":"Request a quote - Services ViaDrain","robots":{"index":"index","follow":"follow","max-snippet":"max-snippet:-1","max-image-preview":"max-image-preview:large","max-video-preview":"max-video-preview:-1"},"canonical":"https:\/\/www.viadrain.ca\/en\/request-a-quote","og_locale":"en_US","og_type":"article","og_title":"Request a quote - Services ViaDrain","og_description":"[vc_row type=&#8221;full_width_content&#8221; full_screen_row_position=&#8221;middle&#8221; column_margin=&#8221;default&#8221; column_direction=&#8221;default&#8221; column_direction_tablet=&#8221;default&#8221; column_direction_phone=&#8221;default&#8221; scene_position=&#8221;center&#8221; text_color=&#8221;dark&#8221; text_align=&#8221;left&#8221; row_border_radius=&#8221;none&#8221; row_border_radius_applies=&#8221;bg&#8221; overlay_strength=&#8221;0.3&#8243; gradient_direction=&#8221;left_to_right&#8221; shape_divider_position=&#8221;bottom&#8221; bg_image_animation=&#8221;none&#8221; shape_type=&#8221;&#8221;][vc_column column_padding=&#8221;no-extra-padding&#8221; column_padding_tablet=&#8221;inherit&#8221; column_padding_phone=&#8221;inherit&#8221; column_padding_position=&#8221;all&#8221; background_color_opacity=&#8221;1&#8243; background_hover_color_opacity=&#8221;1&#8243; column_shadow=&#8221;none&#8221; column_border_radius=&#8221;none&#8221; column_link_target=&#8221;_self&#8221; gradient_direction=&#8221;left_to_right&#8221; overlay_strength=&#8221;0.3&#8243; width=&#8221;1\/1&#8243; tablet_width_inherit=&#8221;default&#8221;...","og_url":"https:\/\/www.viadrain.ca\/en\/request-a-quote","og_site_name":"Services ViaDrain","article_modified_time":"2022-01-08T16:18:59+00:00","twitter_card":"summary_large_image","twitter_misc":{"Est. reading time":"1 minute"},"schema":{"@context":"https:\/\/schema.org","@graph":[{"@type":"WebPage","@id":"https:\/\/www.viadrain.ca\/en\/request-a-quote","url":"https:\/\/www.viadrain.ca\/en\/request-a-quote","name":"Request a quote - Services ViaDrain","isPartOf":{"@id":"https:\/\/www.viadrain.ca\/en#website"},"datePublished":"2021-12-23T14:14:33+00:00","dateModified":"2022-01-08T16:18:59+00:00","breadcrumb":{"@id":"https:\/\/www.viadrain.ca\/en\/request-a-quote#breadcrumb"},"inLanguage":"en-US","potentialAction":[{"@type":"ReadAction","target":["https:\/\/www.viadrain.ca\/en\/request-a-quote"]}]},{"@type":"BreadcrumbList","@id":"https:\/\/www.viadrain.ca\/en\/request-a-quote#breadcrumb","itemListElement":[{"@type":"ListItem","position":1,"name":"Accueil","item":"https:\/\/www.viadrain.ca\/en"},{"@type":"ListItem","position":2,"name":"Request a quote"}]},{"@type":"WebSite","@id":"https:\/\/www.viadrain.ca\/en#website","url":"https:\/\/www.viadrain.ca\/en","name":"Services ViaDrain","description":"Experts en d\u00e9bouchage et nettoyage de drains \u00e0 Montr\u00e9al","publisher":{"@id":"https:\/\/www.viadrain.ca\/en#organization"},"potentialAction":[{"@type":"SearchAction","target":{"@type":"EntryPoint","urlTemplate":"https:\/\/www.viadrain.ca\/en?s={search_term_string}"},"query-input":{"@type":"PropertyValueSpecification","valueRequired":true,"valueName":"search_term_string"}}],"inLanguage":"en-US"},{"@type":"Organization","@id":"https:\/\/www.viadrain.ca\/en#organization","name":"SERVICES VIADRAIN INC.","url":"https:\/\/www.viadrain.ca\/en","logo":{"@type":"ImageObject","inLanguage":"en-US","@id":"https:\/\/www.viadrain.ca\/en#\/schema\/logo\/image\/","url":"https:\/\/www.viadrain.ca\/wp-content\/uploads\/2022\/01\/Logo_viaDrain_320x132.gif","contentUrl":"https:\/\/www.viadrain.ca\/wp-content\/uploads\/2022\/01\/Logo_viaDrain_320x132.gif","width":320,"height":132,"caption":"SERVICES VIADRAIN INC."},"image":{"@id":"https:\/\/www.viadrain.ca\/en#\/schema\/logo\/image\/"}}]}},"_links":{"self":[{"href":"https:\/\/www.viadrain.ca\/en\/wp-json\/wp\/v2\/pages\/6538","targetHints":{"allow":["GET"]}}],"collection":[{"href":"https:\/\/www.viadrain.ca\/en\/wp-json\/wp\/v2\/pages"}],"about":[{"href":"https:\/\/www.viadrain.ca\/en\/wp-json\/wp\/v2\/types\/page"}],"author":[{"embeddable":true,"href":"https:\/\/www.viadrain.ca\/en\/wp-json\/wp\/v2\/users\/1"}],"replies":[{"embeddable":true,"href":"https:\/\/www.viadrain.ca\/en\/wp-json\/wp\/v2\/comments?post=6538"}],"version-history":[{"count":8,"href":"https:\/\/www.viadrain.ca\/en\/wp-json\/wp\/v2\/pages\/6538\/revisions"}],"predecessor-version":[{"id":6838,"href":"https:\/\/www.viadrain.ca\/en\/wp-json\/wp\/v2\/pages\/6538\/revisions\/6838"}],"wp:attachment":[{"href":"https:\/\/www.viadrain.ca\/en\/wp-json\/wp\/v2\/media?parent=6538"}],"curies":[{"name":"wp","href":"https:\/\/api.w.org\/{rel}","templated":true}]}}