{"id":6532,"date":"2021-12-23T09:01:28","date_gmt":"2021-12-23T14:01:28","guid":{"rendered":"https:\/\/www.viadrain.ca\/unclogging-drains-and-pipes-in-montreal"},"modified":"2022-01-08T12:28:12","modified_gmt":"2022-01-08T17:28:12","slug":"unclogging-drains-and-pipes-in-montreal","status":"publish","type":"page","link":"https:\/\/www.viadrain.ca\/en\/unclogging-drains-and-pipes-in-montreal","title":{"rendered":"Unclogging drains and pipes in Montreal"},"content":{"rendered":"[vc_row type=&#8221;in_container&#8221; full_screen_row_position=&#8221;middle&#8221; column_margin=&#8221;default&#8221; column_direction=&#8221;default&#8221; column_direction_tablet=&#8221;default&#8221; column_direction_phone=&#8221;default&#8221; scene_position=&#8221;center&#8221; top_padding=&#8221;3%&#8221; text_color=&#8221;dark&#8221; text_align=&#8221;left&#8221; row_border_radius=&#8221;none&#8221; row_border_radius_applies=&#8221;bg&#8221; overlay_strength=&#8221;0.3&#8243; gradient_direction=&#8221;left_to_right&#8221; shape_divider_position=&#8221;bottom&#8221; bg_image_animation=&#8221;none&#8221; shape_type=&#8221;&#8221;][vc_column column_padding=&#8221;no-extra-padding&#8221; column_padding_tablet=&#8221;inherit&#8221; column_padding_phone=&#8221;inherit&#8221; column_padding_position=&#8221;all&#8221; background_color_opacity=&#8221;1&#8243; background_hover_color_opacity=&#8221;1&#8243; column_shadow=&#8221;none&#8221; column_border_radius=&#8221;none&#8221; column_link_target=&#8221;_self&#8221; gradient_direction=&#8221;left_to_right&#8221; overlay_strength=&#8221;0.3&#8243; width=&#8221;2\/3&#8243; tablet_width_inherit=&#8221;default&#8221; tablet_text_alignment=&#8221;default&#8221; phone_text_alignment=&#8221;default&#8221; column_border_width=&#8221;none&#8221; column_border_style=&#8221;solid&#8221; bg_image_animation=&#8221;none&#8221;][vc_custom_heading text=&#8221;Clogged drains? Let ViaDrain take care of it!&#8221; use_theme_fonts=&#8221;yes&#8221;][vc_column_text]A clogged drain hinders daily tasks, leaves behind residue, leaves behind unpleasant odors and causes all sorts of other problems.<\/p>\n<p>So, what is the solution?<\/p>\n<p>We are committed to providing quality service, fast response times, and efficient results.<\/p>\n<p>Our work is guaranteed to provide you with peace of mind when you call us to clean a clogged drain.<\/p>\n<p>Our service is customized to fit your schedule and regardless of the problem, we will make sure to guide you through the process.<\/p>\n<p>If you notice a slow drain, call our drain unclogging specialists immediately to avoid a major problem.<\/p>\n<p>Call us at 514-913-7246 \/ 514-91D-RAIN or or <a href=\"https:\/\/www.viadrain.ca\/en\/request-a-quote\">request a quote online<\/a>.[\/vc_column_text][\/vc_column][vc_column column_padding=&#8221;no-extra-padding&#8221; column_padding_tablet=&#8221;inherit&#8221; column_padding_phone=&#8221;inherit&#8221; column_padding_position=&#8221;all&#8221; background_color_opacity=&#8221;1&#8243; background_hover_color_opacity=&#8221;1&#8243; column_shadow=&#8221;none&#8221; column_border_radius=&#8221;none&#8221; column_link_target=&#8221;_self&#8221; gradient_direction=&#8221;left_to_right&#8221; overlay_strength=&#8221;0.3&#8243; width=&#8221;1\/3&#8243; tablet_width_inherit=&#8221;default&#8221; tablet_text_alignment=&#8221;default&#8221; phone_text_alignment=&#8221;default&#8221; column_border_width=&#8221;none&#8221; column_border_style=&#8221;solid&#8221; bg_image_animation=&#8221;none&#8221;][image_with_animation image_url=&#8221;6356&#8243; animation=&#8221;Fade In&#8221; hover_animation=&#8221;none&#8221; alignment=&#8221;&#8221; img_link_large=&#8221;yes&#8221; border_radius=&#8221;none&#8221; box_shadow=&#8221;none&#8221; image_loading=&#8221;default&#8221; max_width=&#8221;100%&#8221; max_width_mobile=&#8221;default&#8221;][vc_column_text]<span style=\"font-size: 10pt;\">RIDGID FlexShaft K9-102 Drain Cleaning Machine<\/span>[\/vc_column_text][\/vc_column][\/vc_row][vc_row type=&#8221;in_container&#8221; full_screen_row_position=&#8221;middle&#8221; column_margin=&#8221;default&#8221; column_direction=&#8221;default&#8221; column_direction_tablet=&#8221;default&#8221; column_direction_phone=&#8221;default&#8221; scene_position=&#8221;center&#8221; bottom_padding=&#8221;3%&#8221; text_color=&#8221;dark&#8221; text_align=&#8221;left&#8221; row_border_radius=&#8221;none&#8221; row_border_radius_applies=&#8221;bg&#8221; overlay_strength=&#8221;0.3&#8243; gradient_direction=&#8221;left_to_right&#8221; shape_divider_position=&#8221;bottom&#8221; bg_image_animation=&#8221;none&#8221; shape_type=&#8221;&#8221;][vc_column column_padding=&#8221;no-extra-padding&#8221; column_padding_tablet=&#8221;inherit&#8221; column_padding_phone=&#8221;inherit&#8221; column_padding_position=&#8221;all&#8221; background_color_opacity=&#8221;1&#8243; background_hover_color_opacity=&#8221;1&#8243; column_shadow=&#8221;none&#8221; column_border_radius=&#8221;none&#8221; column_link_target=&#8221;_self&#8221; gradient_direction=&#8221;left_to_right&#8221; overlay_strength=&#8221;0.3&#8243; width=&#8221;1\/1&#8243; tablet_width_inherit=&#8221;default&#8221; tablet_text_alignment=&#8221;default&#8221; phone_text_alignment=&#8221;default&#8221; column_border_width=&#8221;none&#8221; column_border_style=&#8221;solid&#8221; bg_image_animation=&#8221;none&#8221;][vc_column_text]\n<h4>Signs of a blocked drain:<\/h4>\n<ul>\n<li>Water begins to back up from a sink.<\/li>\n<li>Puddles form around the shower drain.<\/li>\n<li>Water runs off very slowly after forming pools.<\/li>\n<li>Toilet water bubbles when you run the sink.<\/li>\n<li>Drains gurgle after running the washing machine or dishwasher.<\/li>\n<li>Puddles form on the floor near the bathtub or a sink.<\/li>\n<li>There is a foul odor coming from the sink.<\/li>\n<li>Sewer odors coming from one or more drains are a sign of a clogged sewer drain.<\/li>\n<\/ul>\n[\/vc_column_text][vc_column_text]\n<h3>How to clean a clogged drain?<\/h3>\n<h4>Here\u2019s how you should try to clean a clogged drain before calling a professional:<\/h4>\n<ul>\n<li>Turn on the faucet until the sink is partially filled with water.<\/li>\n<li>If you have a clogged double kitchen sink, plug one of the drains with a damp cloth.<\/li>\n<li>If it\u2019s a clogged sink, make sure to cover the overflow hole.<\/li>\n<li>After that, start plunging the open drain with a plunger.<\/li>\n<li>Rotate the plunger up and down, then remove it and repeat the process several times.<\/li>\n<\/ul>\n<p>Unfortunately, neglected pipes can be covered with years of buildup, rust, hair, grease and other hard minerals, leaving your pipes damaged. By relying on regular maintenance, ViaDrain Services can save you a great deal of money by preventing costly repairs or pipe replacements.<\/p>\n<p>Preventive maintenance helps homeowners avoid unwanted and frustrating clogs. It\u2019s the easiest way to keep your home plumbing system happy, healthy and clog-free. That\u2019s why ViaDrain Services offers an affordable maintenance plan to ensure your pipes and drains are properly cleaned and maintained year-round.<\/p>\n<p><strong>Solve drainage problems without breaking a sweat: Call 514-913-7246 \/ 514-91D-RAIN.<\/strong>[\/vc_column_text][\/vc_column][\/vc_row][vc_row type=&#8221;full_width_background&#8221; full_screen_row_position=&#8221;middle&#8221; column_margin=&#8221;default&#8221; equal_height=&#8221;yes&#8221; content_placement=&#8221;middle&#8221; column_direction=&#8221;default&#8221; column_direction_tablet=&#8221;default&#8221; column_direction_phone=&#8221;default&#8221; bg_color=&#8221;#000000&#8243; scene_position=&#8221;center&#8221; top_padding=&#8221;6%&#8221; bottom_padding=&#8221;3%&#8221; text_color=&#8221;light&#8221; text_align=&#8221;left&#8221; row_border_radius=&#8221;none&#8221; row_border_radius_applies=&#8221;bg&#8221; overlay_strength=&#8221;0.95&#8243; gradient_direction=&#8221;left_to_right&#8221; enable_shape_divider=&#8221;true&#8221; shape_divider_position=&#8221;top&#8221; bg_image_animation=&#8221;none&#8221; shape_type=&#8221;curve_asym&#8221;][vc_column column_padding=&#8221;no-extra-padding&#8221; column_padding_tablet=&#8221;inherit&#8221; column_padding_phone=&#8221;inherit&#8221; column_padding_position=&#8221;all&#8221; background_color_opacity=&#8221;1&#8243; background_hover_color_opacity=&#8221;1&#8243; column_shadow=&#8221;none&#8221; column_border_radius=&#8221;none&#8221; column_link_target=&#8221;_self&#8221; gradient_direction=&#8221;left_to_right&#8221; overlay_strength=&#8221;0.3&#8243; width=&#8221;2\/3&#8243; tablet_width_inherit=&#8221;default&#8221; tablet_text_alignment=&#8221;center&#8221; phone_text_alignment=&#8221;center&#8221; column_border_width=&#8221;none&#8221; column_border_style=&#8221;solid&#8221; bg_image_animation=&#8221;none&#8221;][vc_column_text]For more information, call <strong>514 913-7246<\/strong>. You can also contact us online today for a free estimate.[\/vc_column_text][\/vc_column][vc_column column_padding=&#8221;no-extra-padding&#8221; column_padding_tablet=&#8221;inherit&#8221; column_padding_phone=&#8221;inherit&#8221; column_padding_position=&#8221;all&#8221; background_color_opacity=&#8221;1&#8243; background_hover_color_opacity=&#8221;1&#8243; column_shadow=&#8221;none&#8221; column_border_radius=&#8221;none&#8221; column_link_target=&#8221;_self&#8221; gradient_direction=&#8221;left_to_right&#8221; overlay_strength=&#8221;0.3&#8243; width=&#8221;1\/3&#8243; tablet_width_inherit=&#8221;default&#8221; tablet_text_alignment=&#8221;center&#8221; phone_text_alignment=&#8221;center&#8221; column_border_width=&#8221;none&#8221; column_border_style=&#8221;solid&#8221; bg_image_animation=&#8221;none&#8221;][vc_row_inner column_margin=&#8221;default&#8221; column_direction=&#8221;default&#8221; column_direction_tablet=&#8221;default&#8221; column_direction_phone=&#8221;default&#8221; text_align=&#8221;right&#8221;][vc_column_inner column_padding=&#8221;no-extra-padding&#8221; column_padding_tablet=&#8221;inherit&#8221; column_padding_phone=&#8221;inherit&#8221; column_padding_position=&#8221;all&#8221; background_color_opacity=&#8221;1&#8243; background_hover_color_opacity=&#8221;1&#8243; column_shadow=&#8221;none&#8221; column_border_radius=&#8221;none&#8221; column_link_target=&#8221;_self&#8221; gradient_direction=&#8221;left_to_right&#8221; overlay_strength=&#8221;0.3&#8243; width=&#8221;1\/1&#8243; tablet_width_inherit=&#8221;default&#8221; column_border_width=&#8221;none&#8221; column_border_style=&#8221;solid&#8221; bg_image_animation=&#8221;none&#8221;][nectar_cta btn_style=&#8221;arrow-animation&#8221; heading_tag=&#8221;h4&#8243; text_color=&#8221;#ffffff&#8221; button_color=&#8221;accent-color&#8221; link_type=&#8221;regular&#8221; alignment=&#8221;left&#8221; display=&#8221;inline&#8221; link_text=&#8221;Estimation&#8221; url=&#8221;https:\/\/www.viadrain.ca\/estimation&#8221; padding_top=&#8221;20&#8243; padding_right=&#8221;20&#8243; padding_bottom=&#8221;20&#8243; padding_left=&#8221;20&#8243;][\/vc_column_inner][\/vc_row_inner][\/vc_column][\/vc_row][vc_row type=&#8221;full_width_content&#8221; full_screen_row_position=&#8221;middle&#8221; column_margin=&#8221;default&#8221; column_direction=&#8221;default&#8221; column_direction_tablet=&#8221;default&#8221; column_direction_phone=&#8221;default&#8221; bg_color=&#8221;#000000&#8243; scene_position=&#8221;center&#8221; text_color=&#8221;light&#8221; text_align=&#8221;left&#8221; row_border_radius=&#8221;none&#8221; row_border_radius_applies=&#8221;bg&#8221; overlay_strength=&#8221;0.3&#8243; gradient_direction=&#8221;left_to_right&#8221; shape_divider_position=&#8221;bottom&#8221; bg_image_animation=&#8221;none&#8221; shape_type=&#8221;&#8221;][vc_column column_padding=&#8221;no-extra-padding&#8221; column_padding_tablet=&#8221;inherit&#8221; column_padding_phone=&#8221;inherit&#8221; column_padding_position=&#8221;all&#8221; background_color_opacity=&#8221;1&#8243; background_hover_color_opacity=&#8221;1&#8243; column_shadow=&#8221;none&#8221; column_border_radius=&#8221;none&#8221; column_link_target=&#8221;_self&#8221; gradient_direction=&#8221;left_to_right&#8221; overlay_strength=&#8221;0.3&#8243; width=&#8221;1\/1&#8243; tablet_width_inherit=&#8221;default&#8221; tablet_text_alignment=&#8221;default&#8221; phone_text_alignment=&#8221;default&#8221; column_border_width=&#8221;none&#8221; column_border_style=&#8221;solid&#8221; bg_image_animation=&#8221;none&#8221;][divider line_type=&#8221;Full Width Line&#8221; line_thickness=&#8221;1&#8243; divider_color=&#8221;default&#8221; custom_height=&#8221;2&#8243;][\/vc_column][\/vc_row]\n","protected":false},"excerpt":{"rendered":"<p>[vc_row type=&#8221;in_container&#8221; full_screen_row_position=&#8221;middle&#8221; column_margin=&#8221;default&#8221; column_direction=&#8221;default&#8221; column_direction_tablet=&#8221;default&#8221; column_direction_phone=&#8221;default&#8221; scene_position=&#8221;center&#8221; top_padding=&#8221;3%&#8221; text_color=&#8221;dark&#8221; text_align=&#8221;left&#8221; row_border_radius=&#8221;none&#8221; row_border_radius_applies=&#8221;bg&#8221; overlay_strength=&#8221;0.3&#8243; gradient_direction=&#8221;left_to_right&#8221; shape_divider_position=&#8221;bottom&#8221; bg_image_animation=&#8221;none&#8221; shape_type=&#8221;&#8221;][vc_column column_padding=&#8221;no-extra-padding&#8221; column_padding_tablet=&#8221;inherit&#8221; column_padding_phone=&#8221;inherit&#8221; column_padding_position=&#8221;all&#8221; background_color_opacity=&#8221;1&#8243; background_hover_color_opacity=&#8221;1&#8243; column_shadow=&#8221;none&#8221; column_border_radius=&#8221;none&#8221; column_link_target=&#8221;_self&#8221; gradient_direction=&#8221;left_to_right&#8221; overlay_strength=&#8221;0.3&#8243; width=&#8221;2\/3&#8243;&#8230;<\/p>\n","protected":false},"author":1,"featured_media":6662,"parent":0,"menu_order":5,"comment_status":"closed","ping_status":"closed","template":"","meta":{"content-type":"","footnotes":""},"class_list":["post-6532","page","type-page","status-publish","has-post-thumbnail"],"yoast_head":"<!-- This site is optimized with the Yoast SEO plugin v26.7 - https:\/\/yoast.com\/wordpress\/plugins\/seo\/ -->\n<title>Unclogging drains and pipes in Montreal - Services ViaDrain<\/title>\n<meta name=\"description\" content=\"Clogged drains are a serious nuisance in slowing down daily tasks. Trust ViaDrain Services for quality service\" \/>\n<meta name=\"robots\" content=\"index, follow, max-snippet:-1, max-image-preview:large, max-video-preview:-1\" \/>\n<link rel=\"canonical\" href=\"https:\/\/www.viadrain.ca\/en\/unclogging-drains-and-pipes-in-montreal\" \/>\n<meta property=\"og:locale\" content=\"en_US\" \/>\n<meta property=\"og:type\" content=\"article\" \/>\n<meta property=\"og:title\" content=\"Unclogging drains and pipes in Montreal - Services ViaDrain\" \/>\n<meta property=\"og:description\" content=\"Clogged drains are a serious nuisance in slowing down daily tasks. Trust ViaDrain Services for quality service\" \/>\n<meta property=\"og:url\" content=\"https:\/\/www.viadrain.ca\/en\/unclogging-drains-and-pipes-in-montreal\" \/>\n<meta property=\"og:site_name\" content=\"Services ViaDrain\" \/>\n<meta property=\"article:modified_time\" content=\"2022-01-08T17:28:12+00:00\" \/>\n<meta property=\"og:image\" content=\"https:\/\/www.viadrain.ca\/wp-content\/uploads\/2021\/12\/Services-Via-Drain_Vedette_1200x630.jpg\" \/>\n\t<meta property=\"og:image:width\" content=\"1200\" \/>\n\t<meta property=\"og:image:height\" content=\"630\" \/>\n\t<meta property=\"og:image:type\" content=\"image\/jpeg\" \/>\n<meta name=\"twitter:card\" content=\"summary_large_image\" \/>\n<meta name=\"twitter:label1\" content=\"Est. reading time\" \/>\n\t<meta name=\"twitter:data1\" content=\"4 minutes\" \/>\n<script type=\"application\/ld+json\" class=\"yoast-schema-graph\">{\"@context\":\"https:\/\/schema.org\",\"@graph\":[{\"@type\":\"WebPage\",\"@id\":\"https:\/\/www.viadrain.ca\/en\/unclogging-drains-and-pipes-in-montreal\",\"url\":\"https:\/\/www.viadrain.ca\/en\/unclogging-drains-and-pipes-in-montreal\",\"name\":\"Unclogging drains and pipes in Montreal - Services ViaDrain\",\"isPartOf\":{\"@id\":\"https:\/\/www.viadrain.ca\/en#website\"},\"primaryImageOfPage\":{\"@id\":\"https:\/\/www.viadrain.ca\/en\/unclogging-drains-and-pipes-in-montreal#primaryimage\"},\"image\":{\"@id\":\"https:\/\/www.viadrain.ca\/en\/unclogging-drains-and-pipes-in-montreal#primaryimage\"},\"thumbnailUrl\":\"https:\/\/www.viadrain.ca\/wp-content\/uploads\/2021\/12\/Services-Via-Drain_Vedette_1200x630.jpg\",\"datePublished\":\"2021-12-23T14:01:28+00:00\",\"dateModified\":\"2022-01-08T17:28:12+00:00\",\"description\":\"Clogged drains are a serious nuisance in slowing down daily tasks. Trust ViaDrain Services for quality service\",\"breadcrumb\":{\"@id\":\"https:\/\/www.viadrain.ca\/en\/unclogging-drains-and-pipes-in-montreal#breadcrumb\"},\"inLanguage\":\"en-US\",\"potentialAction\":[{\"@type\":\"ReadAction\",\"target\":[\"https:\/\/www.viadrain.ca\/en\/unclogging-drains-and-pipes-in-montreal\"]}]},{\"@type\":\"ImageObject\",\"inLanguage\":\"en-US\",\"@id\":\"https:\/\/www.viadrain.ca\/en\/unclogging-drains-and-pipes-in-montreal#primaryimage\",\"url\":\"https:\/\/www.viadrain.ca\/wp-content\/uploads\/2021\/12\/Services-Via-Drain_Vedette_1200x630.jpg\",\"contentUrl\":\"https:\/\/www.viadrain.ca\/wp-content\/uploads\/2021\/12\/Services-Via-Drain_Vedette_1200x630.jpg\",\"width\":1200,\"height\":630},{\"@type\":\"BreadcrumbList\",\"@id\":\"https:\/\/www.viadrain.ca\/en\/unclogging-drains-and-pipes-in-montreal#breadcrumb\",\"itemListElement\":[{\"@type\":\"ListItem\",\"position\":1,\"name\":\"Accueil\",\"item\":\"https:\/\/www.viadrain.ca\/en\"},{\"@type\":\"ListItem\",\"position\":2,\"name\":\"Unclogging drains and pipes in Montreal\"}]},{\"@type\":\"WebSite\",\"@id\":\"https:\/\/www.viadrain.ca\/en#website\",\"url\":\"https:\/\/www.viadrain.ca\/en\",\"name\":\"Services ViaDrain\",\"description\":\"Experts en d\u00e9bouchage et nettoyage de drains \u00e0 Montr\u00e9al\",\"publisher\":{\"@id\":\"https:\/\/www.viadrain.ca\/en#organization\"},\"potentialAction\":[{\"@type\":\"SearchAction\",\"target\":{\"@type\":\"EntryPoint\",\"urlTemplate\":\"https:\/\/www.viadrain.ca\/en?s={search_term_string}\"},\"query-input\":{\"@type\":\"PropertyValueSpecification\",\"valueRequired\":true,\"valueName\":\"search_term_string\"}}],\"inLanguage\":\"en-US\"},{\"@type\":\"Organization\",\"@id\":\"https:\/\/www.viadrain.ca\/en#organization\",\"name\":\"SERVICES VIADRAIN INC.\",\"url\":\"https:\/\/www.viadrain.ca\/en\",\"logo\":{\"@type\":\"ImageObject\",\"inLanguage\":\"en-US\",\"@id\":\"https:\/\/www.viadrain.ca\/en#\/schema\/logo\/image\/\",\"url\":\"https:\/\/www.viadrain.ca\/wp-content\/uploads\/2022\/01\/Logo_viaDrain_320x132.gif\",\"contentUrl\":\"https:\/\/www.viadrain.ca\/wp-content\/uploads\/2022\/01\/Logo_viaDrain_320x132.gif\",\"width\":320,\"height\":132,\"caption\":\"SERVICES VIADRAIN INC.\"},\"image\":{\"@id\":\"https:\/\/www.viadrain.ca\/en#\/schema\/logo\/image\/\"}}]}<\/script>\n<!-- \/ Yoast SEO plugin. -->","yoast_head_json":{"title":"Unclogging drains and pipes in Montreal - Services ViaDrain","description":"Clogged drains are a serious nuisance in slowing down daily tasks. Trust ViaDrain Services for quality service","robots":{"index":"index","follow":"follow","max-snippet":"max-snippet:-1","max-image-preview":"max-image-preview:large","max-video-preview":"max-video-preview:-1"},"canonical":"https:\/\/www.viadrain.ca\/en\/unclogging-drains-and-pipes-in-montreal","og_locale":"en_US","og_type":"article","og_title":"Unclogging drains and pipes in Montreal - Services ViaDrain","og_description":"Clogged drains are a serious nuisance in slowing down daily tasks. Trust ViaDrain Services for quality service","og_url":"https:\/\/www.viadrain.ca\/en\/unclogging-drains-and-pipes-in-montreal","og_site_name":"Services ViaDrain","article_modified_time":"2022-01-08T17:28:12+00:00","og_image":[{"width":1200,"height":630,"url":"https:\/\/www.viadrain.ca\/wp-content\/uploads\/2021\/12\/Services-Via-Drain_Vedette_1200x630.jpg","type":"image\/jpeg"}],"twitter_card":"summary_large_image","twitter_misc":{"Est. reading time":"4 minutes"},"schema":{"@context":"https:\/\/schema.org","@graph":[{"@type":"WebPage","@id":"https:\/\/www.viadrain.ca\/en\/unclogging-drains-and-pipes-in-montreal","url":"https:\/\/www.viadrain.ca\/en\/unclogging-drains-and-pipes-in-montreal","name":"Unclogging drains and pipes in Montreal - Services ViaDrain","isPartOf":{"@id":"https:\/\/www.viadrain.ca\/en#website"},"primaryImageOfPage":{"@id":"https:\/\/www.viadrain.ca\/en\/unclogging-drains-and-pipes-in-montreal#primaryimage"},"image":{"@id":"https:\/\/www.viadrain.ca\/en\/unclogging-drains-and-pipes-in-montreal#primaryimage"},"thumbnailUrl":"https:\/\/www.viadrain.ca\/wp-content\/uploads\/2021\/12\/Services-Via-Drain_Vedette_1200x630.jpg","datePublished":"2021-12-23T14:01:28+00:00","dateModified":"2022-01-08T17:28:12+00:00","description":"Clogged drains are a serious nuisance in slowing down daily tasks. Trust ViaDrain Services for quality service","breadcrumb":{"@id":"https:\/\/www.viadrain.ca\/en\/unclogging-drains-and-pipes-in-montreal#breadcrumb"},"inLanguage":"en-US","potentialAction":[{"@type":"ReadAction","target":["https:\/\/www.viadrain.ca\/en\/unclogging-drains-and-pipes-in-montreal"]}]},{"@type":"ImageObject","inLanguage":"en-US","@id":"https:\/\/www.viadrain.ca\/en\/unclogging-drains-and-pipes-in-montreal#primaryimage","url":"https:\/\/www.viadrain.ca\/wp-content\/uploads\/2021\/12\/Services-Via-Drain_Vedette_1200x630.jpg","contentUrl":"https:\/\/www.viadrain.ca\/wp-content\/uploads\/2021\/12\/Services-Via-Drain_Vedette_1200x630.jpg","width":1200,"height":630},{"@type":"BreadcrumbList","@id":"https:\/\/www.viadrain.ca\/en\/unclogging-drains-and-pipes-in-montreal#breadcrumb","itemListElement":[{"@type":"ListItem","position":1,"name":"Accueil","item":"https:\/\/www.viadrain.ca\/en"},{"@type":"ListItem","position":2,"name":"Unclogging drains and pipes in Montreal"}]},{"@type":"WebSite","@id":"https:\/\/www.viadrain.ca\/en#website","url":"https:\/\/www.viadrain.ca\/en","name":"Services ViaDrain","description":"Experts en d\u00e9bouchage et nettoyage de drains \u00e0 Montr\u00e9al","publisher":{"@id":"https:\/\/www.viadrain.ca\/en#organization"},"potentialAction":[{"@type":"SearchAction","target":{"@type":"EntryPoint","urlTemplate":"https:\/\/www.viadrain.ca\/en?s={search_term_string}"},"query-input":{"@type":"PropertyValueSpecification","valueRequired":true,"valueName":"search_term_string"}}],"inLanguage":"en-US"},{"@type":"Organization","@id":"https:\/\/www.viadrain.ca\/en#organization","name":"SERVICES VIADRAIN INC.","url":"https:\/\/www.viadrain.ca\/en","logo":{"@type":"ImageObject","inLanguage":"en-US","@id":"https:\/\/www.viadrain.ca\/en#\/schema\/logo\/image\/","url":"https:\/\/www.viadrain.ca\/wp-content\/uploads\/2022\/01\/Logo_viaDrain_320x132.gif","contentUrl":"https:\/\/www.viadrain.ca\/wp-content\/uploads\/2022\/01\/Logo_viaDrain_320x132.gif","width":320,"height":132,"caption":"SERVICES VIADRAIN INC."},"image":{"@id":"https:\/\/www.viadrain.ca\/en#\/schema\/logo\/image\/"}}]}},"_links":{"self":[{"href":"https:\/\/www.viadrain.ca\/en\/wp-json\/wp\/v2\/pages\/6532","targetHints":{"allow":["GET"]}}],"collection":[{"href":"https:\/\/www.viadrain.ca\/en\/wp-json\/wp\/v2\/pages"}],"about":[{"href":"https:\/\/www.viadrain.ca\/en\/wp-json\/wp\/v2\/types\/page"}],"author":[{"embeddable":true,"href":"https:\/\/www.viadrain.ca\/en\/wp-json\/wp\/v2\/users\/1"}],"replies":[{"embeddable":true,"href":"https:\/\/www.viadrain.ca\/en\/wp-json\/wp\/v2\/comments?post=6532"}],"version-history":[{"count":25,"href":"https:\/\/www.viadrain.ca\/en\/wp-json\/wp\/v2\/pages\/6532\/revisions"}],"predecessor-version":[{"id":6863,"href":"https:\/\/www.viadrain.ca\/en\/wp-json\/wp\/v2\/pages\/6532\/revisions\/6863"}],"wp:featuredmedia":[{"embeddable":true,"href":"https:\/\/www.viadrain.ca\/en\/wp-json\/wp\/v2\/media\/6662"}],"wp:attachment":[{"href":"https:\/\/www.viadrain.ca\/en\/wp-json\/wp\/v2\/media?parent=6532"}],"curies":[{"name":"wp","href":"https:\/\/api.w.org\/{rel}","templated":true}]}}